{"id":19532,"date":"2025-02-27T11:08:44","date_gmt":"2025-02-27T10:08:44","guid":{"rendered":"https:\/\/lab.sisytec.net\/rutaeautocaravanas.es\/?page_id=19532"},"modified":"2025-02-27T11:30:43","modified_gmt":"2025-02-27T10:30:43","slug":"documentacion","status":"publish","type":"page","link":"https:\/\/lab.sisytec.net\/rutaeautocaravanas.es\/documentacion\/","title":{"rendered":"Documentaci\u00f3n"},"content":{"rendered":"\t\t<div data-elementor-type=\"wp-page\" data-elementor-id=\"19532\" class=\"elementor elementor-19532\" data-elementor-post-type=\"page\">\n\t\t\t\t<div class=\"elementor-element elementor-element-d64ed4b e-flex e-con-boxed e-con e-parent\" data-id=\"d64ed4b\" data-element_type=\"container\">\n\t\t\t\t\t<div class=\"e-con-inner\">\n\t\t\t\t<div class=\"elementor-element elementor-element-2114242 elementor-widget elementor-widget-heading\" data-id=\"2114242\" data-element_type=\"widget\" data-widget_type=\"heading.default\">\n\t\t\t\t<div class=\"elementor-widget-container\">\n\t\t\t\t\t<h2 class=\"elementor-heading-title elementor-size-default\">Conoce las condiciones para alquilar tu autocaravana en Ruta E.<\/h2>\t\t\t\t<\/div>\n\t\t\t\t<\/div>\n\t\t\t\t<div class=\"elementor-element elementor-element-8ed61f9 elementor-widget elementor-widget-text-editor\" data-id=\"8ed61f9\" data-element_type=\"widget\" data-widget_type=\"text-editor.default\">\n\t\t\t\t<div class=\"elementor-widget-container\">\n\t\t\t\t\t\t\t\t\t<p>Consulta las condiciones para alquilar tu autocaravana en<strong> Ruta E<\/strong> y disfrutar de tus momentos m\u00e1s inolvidables en familia por la Costa de Espa\u00f1a y la regi\u00f3n de Europa.<\/p>\t\t\t\t\t\t\t\t<\/div>\n\t\t\t\t<\/div>\n\t\t\t\t\t<\/div>\n\t\t\t\t<\/div>\n\t\t<div class=\"elementor-element elementor-element-a564594 e-flex e-con-boxed e-con e-parent\" data-id=\"a564594\" data-element_type=\"container\">\n\t\t\t\t\t<div class=\"e-con-inner\">\n\t\t\t\t<div class=\"elementor-element elementor-element-2055392 elementor-widget elementor-widget-html\" data-id=\"2055392\" data-element_type=\"widget\" data-widget_type=\"html.default\">\n\t\t\t\t<div class=\"elementor-widget-container\">\n\t\t\t\t\t<iframe src=\"https:\/\/lab.sisytec.net\/rutaeautocaravanas.es\/wp-content\/uploads\/2025\/02\/contrato-ruta-E-final.pdf\" width=\"100%\" height=\"800px\"><\/iframe>\t\t\t\t<\/div>\n\t\t\t\t<\/div>\n\t\t\t\t\t<\/div>\n\t\t\t\t<\/div>\n\t\t\t\t<\/div>\n\t\t","protected":false},"excerpt":{"rendered":"<p>Conoce las condiciones para alquilar tu autocaravana en Ruta E. Consulta las condiciones para alquilar tu autocaravana en Ruta E y disfrutar de tus momentos m\u00e1s inolvidables en familia por la Costa de Espa\u00f1a y la regi\u00f3n de Europa.<\/p>\n","protected":false},"author":1,"featured_media":0,"parent":0,"menu_order":0,"comment_status":"closed","ping_status":"closed","template":"","meta":{"_acf_changed":false,"pmpro_default_level":"","_monsterinsights_skip_tracking":false,"_monsterinsights_sitenote_active":false,"_monsterinsights_sitenote_note":"","_monsterinsights_sitenote_category":0,"_joinchat":[],"footnotes":""},"class_list":["post-19532","page","type-page","status-publish","hentry","pmpro-has-access"],"acf":[],"yoast_head":"<!-- This site is optimized with the Yoast SEO plugin v25.0 - https:\/\/yoast.com\/wordpress\/plugins\/seo\/ -->\n<title>Documentaci\u00f3n - RUTA E Autocaravanas<\/title>\n<meta name=\"robots\" content=\"index, follow, max-snippet:-1, max-image-preview:large, max-video-preview:-1\" \/>\n<link rel=\"canonical\" href=\"https:\/\/lab.sisytec.net\/rutaeautocaravanas.es\/documentacion\/\" \/>\n<meta property=\"og:locale\" content=\"es_ES\" \/>\n<meta property=\"og:type\" content=\"article\" \/>\n<meta property=\"og:title\" content=\"Documentaci\u00f3n - RUTA E Autocaravanas\" \/>\n<meta property=\"og:description\" content=\"Conoce las condiciones para alquilar tu autocaravana en Ruta E. Consulta las condiciones para alquilar tu autocaravana en Ruta E y disfrutar de tus momentos m\u00e1s inolvidables en familia por la Costa de Espa\u00f1a y la regi\u00f3n de Europa.\" \/>\n<meta property=\"og:url\" content=\"https:\/\/lab.sisytec.net\/rutaeautocaravanas.es\/documentacion\/\" \/>\n<meta property=\"og:site_name\" content=\"RUTA E Autocaravanas\" \/>\n<meta property=\"article:modified_time\" content=\"2025-02-27T10:30:43+00:00\" \/>\n<meta name=\"twitter:card\" content=\"summary_large_image\" \/>\n<meta name=\"twitter:label1\" content=\"Tiempo de lectura\" \/>\n\t<meta name=\"twitter:data1\" content=\"1 minuto\" \/>\n<script type=\"application\/ld+json\" class=\"yoast-schema-graph\">{\"@context\":\"https:\/\/schema.org\",\"@graph\":[{\"@type\":\"WebPage\",\"@id\":\"https:\/\/lab.sisytec.net\/rutaeautocaravanas.es\/documentacion\/\",\"url\":\"https:\/\/lab.sisytec.net\/rutaeautocaravanas.es\/documentacion\/\",\"name\":\"Documentaci\u00f3n - RUTA E Autocaravanas\",\"isPartOf\":{\"@id\":\"https:\/\/lab.sisytec.net\/rutaeautocaravanas.es\/#website\"},\"datePublished\":\"2025-02-27T10:08:44+00:00\",\"dateModified\":\"2025-02-27T10:30:43+00:00\",\"breadcrumb\":{\"@id\":\"https:\/\/lab.sisytec.net\/rutaeautocaravanas.es\/documentacion\/#breadcrumb\"},\"inLanguage\":\"es\",\"potentialAction\":[{\"@type\":\"ReadAction\",\"target\":[\"https:\/\/lab.sisytec.net\/rutaeautocaravanas.es\/documentacion\/\"]}]},{\"@type\":\"BreadcrumbList\",\"@id\":\"https:\/\/lab.sisytec.net\/rutaeautocaravanas.es\/documentacion\/#breadcrumb\",\"itemListElement\":[{\"@type\":\"ListItem\",\"position\":1,\"name\":\"Portada\",\"item\":\"https:\/\/lab.sisytec.net\/rutaeautocaravanas.es\/\"},{\"@type\":\"ListItem\",\"position\":2,\"name\":\"Documentaci\u00f3n\"}]},{\"@type\":\"WebSite\",\"@id\":\"https:\/\/lab.sisytec.net\/rutaeautocaravanas.es\/#website\",\"url\":\"https:\/\/lab.sisytec.net\/rutaeautocaravanas.es\/\",\"name\":\"RUTA E Autocaravanas\",\"description\":\"RUTA E Autocaravanas\",\"potentialAction\":[{\"@type\":\"SearchAction\",\"target\":{\"@type\":\"EntryPoint\",\"urlTemplate\":\"https:\/\/lab.sisytec.net\/rutaeautocaravanas.es\/?s={search_term_string}\"},\"query-input\":{\"@type\":\"PropertyValueSpecification\",\"valueRequired\":true,\"valueName\":\"search_term_string\"}}],\"inLanguage\":\"es\"}]}<\/script>\n<!-- \/ Yoast SEO plugin. -->","yoast_head_json":{"title":"Documentaci\u00f3n - RUTA E Autocaravanas","robots":{"index":"index","follow":"follow","max-snippet":"max-snippet:-1","max-image-preview":"max-image-preview:large","max-video-preview":"max-video-preview:-1"},"canonical":"https:\/\/lab.sisytec.net\/rutaeautocaravanas.es\/documentacion\/","og_locale":"es_ES","og_type":"article","og_title":"Documentaci\u00f3n - RUTA E Autocaravanas","og_description":"Conoce las condiciones para alquilar tu autocaravana en Ruta E. Consulta las condiciones para alquilar tu autocaravana en Ruta E y disfrutar de tus momentos m\u00e1s inolvidables en familia por la Costa de Espa\u00f1a y la regi\u00f3n de Europa.","og_url":"https:\/\/lab.sisytec.net\/rutaeautocaravanas.es\/documentacion\/","og_site_name":"RUTA E Autocaravanas","article_modified_time":"2025-02-27T10:30:43+00:00","twitter_card":"summary_large_image","twitter_misc":{"Tiempo de lectura":"1 minuto"},"schema":{"@context":"https:\/\/schema.org","@graph":[{"@type":"WebPage","@id":"https:\/\/lab.sisytec.net\/rutaeautocaravanas.es\/documentacion\/","url":"https:\/\/lab.sisytec.net\/rutaeautocaravanas.es\/documentacion\/","name":"Documentaci\u00f3n - RUTA E Autocaravanas","isPartOf":{"@id":"https:\/\/lab.sisytec.net\/rutaeautocaravanas.es\/#website"},"datePublished":"2025-02-27T10:08:44+00:00","dateModified":"2025-02-27T10:30:43+00:00","breadcrumb":{"@id":"https:\/\/lab.sisytec.net\/rutaeautocaravanas.es\/documentacion\/#breadcrumb"},"inLanguage":"es","potentialAction":[{"@type":"ReadAction","target":["https:\/\/lab.sisytec.net\/rutaeautocaravanas.es\/documentacion\/"]}]},{"@type":"BreadcrumbList","@id":"https:\/\/lab.sisytec.net\/rutaeautocaravanas.es\/documentacion\/#breadcrumb","itemListElement":[{"@type":"ListItem","position":1,"name":"Portada","item":"https:\/\/lab.sisytec.net\/rutaeautocaravanas.es\/"},{"@type":"ListItem","position":2,"name":"Documentaci\u00f3n"}]},{"@type":"WebSite","@id":"https:\/\/lab.sisytec.net\/rutaeautocaravanas.es\/#website","url":"https:\/\/lab.sisytec.net\/rutaeautocaravanas.es\/","name":"RUTA E Autocaravanas","description":"RUTA E Autocaravanas","potentialAction":[{"@type":"SearchAction","target":{"@type":"EntryPoint","urlTemplate":"https:\/\/lab.sisytec.net\/rutaeautocaravanas.es\/?s={search_term_string}"},"query-input":{"@type":"PropertyValueSpecification","valueRequired":true,"valueName":"search_term_string"}}],"inLanguage":"es"}]}},"_links":{"self":[{"href":"https:\/\/lab.sisytec.net\/rutaeautocaravanas.es\/wp-json\/wp\/v2\/pages\/19532","targetHints":{"allow":["GET"]}}],"collection":[{"href":"https:\/\/lab.sisytec.net\/rutaeautocaravanas.es\/wp-json\/wp\/v2\/pages"}],"about":[{"href":"https:\/\/lab.sisytec.net\/rutaeautocaravanas.es\/wp-json\/wp\/v2\/types\/page"}],"author":[{"embeddable":true,"href":"https:\/\/lab.sisytec.net\/rutaeautocaravanas.es\/wp-json\/wp\/v2\/users\/1"}],"replies":[{"embeddable":true,"href":"https:\/\/lab.sisytec.net\/rutaeautocaravanas.es\/wp-json\/wp\/v2\/comments?post=19532"}],"version-history":[{"count":5,"href":"https:\/\/lab.sisytec.net\/rutaeautocaravanas.es\/wp-json\/wp\/v2\/pages\/19532\/revisions"}],"predecessor-version":[{"id":19539,"href":"https:\/\/lab.sisytec.net\/rutaeautocaravanas.es\/wp-json\/wp\/v2\/pages\/19532\/revisions\/19539"}],"wp:attachment":[{"href":"https:\/\/lab.sisytec.net\/rutaeautocaravanas.es\/wp-json\/wp\/v2\/media?parent=19532"}],"curies":[{"name":"wp","href":"https:\/\/api.w.org\/{rel}","templated":true}]}}