{"id":19375,"date":"2025-02-21T11:17:20","date_gmt":"2025-02-21T10:17:20","guid":{"rendered":"https:\/\/lab.sisytec.net\/rutaeautocaravanas.es\/?page_id=19375"},"modified":"2025-02-26T14:37:15","modified_gmt":"2025-02-26T13:37:15","slug":"contacto","status":"publish","type":"page","link":"https:\/\/lab.sisytec.net\/rutaeautocaravanas.es\/contacto\/","title":{"rendered":"Contacto"},"content":{"rendered":"\t\t<div data-elementor-type=\"wp-page\" data-elementor-id=\"19375\" class=\"elementor elementor-19375\" data-elementor-post-type=\"page\">\n\t\t\t\t<div class=\"elementor-element elementor-element-ba37a67 e-flex e-con-boxed e-con e-parent\" data-id=\"ba37a67\" data-element_type=\"container\">\n\t\t\t\t\t<div class=\"e-con-inner\">\n\t\t<div class=\"elementor-element elementor-element-83b0bdf e-con-full e-flex e-con e-child\" data-id=\"83b0bdf\" data-element_type=\"container\">\n\t\t\t\t<div class=\"elementor-element elementor-element-8561642 elementor-widget elementor-widget-text-editor\" data-id=\"8561642\" data-element_type=\"widget\" data-widget_type=\"text-editor.default\">\n\t\t\t\t<div class=\"elementor-widget-container\">\n\t\t\t\t\t\t\t\t\t<h4>Ponte en contacto con nuestro equipo.<\/h4><p>Si tienes alguna duda sobre tu pr\u00f3ximo destino, \u00a1pregunta!<\/p><h5>Atenci\u00f3n al Cliente<\/h5><p>De lunes a viernes, de 8:00 a 17:30 horas<br \/>S\u00e1bados: de 8:00 a 12:00 horas<br \/><span style=\"font-size: 15px; color: var( --e-global-color-text ); font-family: var( --e-global-typography-text-font-family ), Sans-serif; font-weight: var( --e-global-typography-text-font-weight ); text-align: var(--text-align);\">Domingos: no hay atenci\u00f3n al p\u00fablico.<\/span><\/p>\t\t\t\t\t\t\t\t<\/div>\n\t\t\t\t<\/div>\n\t\t\t\t<\/div>\n\t\t<div class=\"elementor-element elementor-element-65570ab e-con-full e-flex e-con e-child\" data-id=\"65570ab\" data-element_type=\"container\">\n\t\t\t\t<div class=\"elementor-element elementor-element-027682e elementor-button-align-end elementor-widget elementor-widget-form\" data-id=\"027682e\" data-element_type=\"widget\" data-settings=\"{&quot;step_next_label&quot;:&quot;Next&quot;,&quot;step_previous_label&quot;:&quot;Previous&quot;,&quot;button_width&quot;:&quot;20&quot;,&quot;step_type&quot;:&quot;number_text&quot;,&quot;step_icon_shape&quot;:&quot;circle&quot;}\" data-widget_type=\"form.default\">\n\t\t\t\t<div class=\"elementor-widget-container\">\n\t\t\t\t\t\t\t<form class=\"elementor-form\" method=\"post\" name=\"Contactar\">\n\t\t\t<input type=\"hidden\" name=\"post_id\" value=\"19375\"\/>\n\t\t\t<input type=\"hidden\" name=\"form_id\" value=\"027682e\"\/>\n\t\t\t<input type=\"hidden\" name=\"referer_title\" value=\"RUTA E Autocaravanas\" \/>\n\n\t\t\t\n\t\t\t<div class=\"elementor-form-fields-wrapper elementor-labels-above\">\n\t\t\t\t\t\t\t\t<div class=\"elementor-field-type-text elementor-field-group elementor-column elementor-field-group-name elementor-col-30\">\n\t\t\t\t\t\t\t\t\t\t\t\t\t<input size=\"1\" type=\"text\" name=\"form_fields[name]\" id=\"form-field-name\" class=\"elementor-field elementor-size-sm  elementor-field-textual\" placeholder=\"Nombre\">\n\t\t\t\t\t\t\t\t\t\t\t<\/div>\n\t\t\t\t\t\t\t\t<div class=\"elementor-field-type-text elementor-field-group elementor-column elementor-field-group-field_a9ca005 elementor-col-70\">\n\t\t\t\t\t\t\t\t\t\t\t\t\t<input size=\"1\" type=\"text\" name=\"form_fields[field_a9ca005]\" id=\"form-field-field_a9ca005\" class=\"elementor-field elementor-size-sm  elementor-field-textual\" placeholder=\"Apellidos\">\n\t\t\t\t\t\t\t\t\t\t\t<\/div>\n\t\t\t\t\t\t\t\t<div class=\"elementor-field-type-email elementor-field-group elementor-column elementor-field-group-email elementor-col-50 elementor-field-required\">\n\t\t\t\t\t\t\t\t\t\t\t\t\t<input size=\"1\" type=\"email\" name=\"form_fields[email]\" id=\"form-field-email\" class=\"elementor-field elementor-size-sm  elementor-field-textual\" placeholder=\"Email\" required=\"required\">\n\t\t\t\t\t\t\t\t\t\t\t<\/div>\n\t\t\t\t\t\t\t\t<div class=\"elementor-field-type-text elementor-field-group elementor-column elementor-field-group-field_9566402 elementor-col-50\">\n\t\t\t\t\t\t\t\t\t\t\t\t\t<input size=\"1\" type=\"text\" name=\"form_fields[field_9566402]\" id=\"form-field-field_9566402\" class=\"elementor-field elementor-size-sm  elementor-field-textual\" placeholder=\"Whatsapp\">\n\t\t\t\t\t\t\t\t\t\t\t<\/div>\n\t\t\t\t\t\t\t\t<div class=\"elementor-field-type-textarea elementor-field-group elementor-column elementor-field-group-message elementor-col-100\">\n\t\t\t\t\t<textarea class=\"elementor-field-textual elementor-field  elementor-size-sm\" name=\"form_fields[message]\" id=\"form-field-message\" rows=\"4\" placeholder=\"Mensaje\"><\/textarea>\t\t\t\t<\/div>\n\t\t\t\t\t\t\t\t<div class=\"elementor-field-type-acceptance elementor-field-group elementor-column elementor-field-group-field_c06fcc1 elementor-col-100\">\n\t\t\t\t\t\t\t<div class=\"elementor-field-subgroup\">\n\t\t\t<span class=\"elementor-field-option\">\n\t\t\t\t<input type=\"checkbox\" name=\"form_fields[field_c06fcc1]\" id=\"form-field-field_c06fcc1\" class=\"elementor-field elementor-size-sm  elementor-acceptance-field\">\n\t\t\t\t<label for=\"form-field-field_c06fcc1\">Declaro haber le\u00eddo la pol\u00edtica de privacidad y aviso legal, autorizado al tratamiento de los datos aqu\u00ed facilitados en los t\u00e9rminos descritos <\/label>\t\t\t<\/span>\n\t\t<\/div>\n\t\t\t\t\t\t<\/div>\n\t\t\t\t\t\t\t\t<div class=\"elementor-field-group elementor-column elementor-field-type-submit elementor-col-20 e-form__buttons\">\n\t\t\t\t\t<button class=\"elementor-button elementor-size-md\" type=\"submit\">\n\t\t\t\t\t\t<span class=\"elementor-button-content-wrapper\">\n\t\t\t\t\t\t\t\t\t\t\t\t\t\t\t<span class=\"elementor-button-icon\">\n\t\t\t\t\t\t\t\t\t<svg aria-hidden=\"true\" class=\"e-font-icon-svg e-fas-arrow-right\" viewBox=\"0 0 448 512\" xmlns=\"http:\/\/www.w3.org\/2000\/svg\"><path d=\"M190.5 66.9l22.2-22.2c9.4-9.4 24.6-9.4 33.9 0L441 239c9.4 9.4 9.4 24.6 0 33.9L246.6 467.3c-9.4 9.4-24.6 9.4-33.9 0l-22.2-22.2c-9.5-9.5-9.3-25 .4-34.3L311.4 296H24c-13.3 0-24-10.7-24-24v-32c0-13.3 10.7-24 24-24h287.4L190.9 101.2c-9.8-9.3-10-24.8-.4-34.3z\"><\/path><\/svg>\t\t\t\t\t\t\t\t\t\t\t\t\t\t\t\t\t<\/span>\n\t\t\t\t\t\t\t\t\t\t\t\t\t\t\t\t\t\t\t\t\t\t<span class=\"elementor-button-text\">Enviar<\/span>\n\t\t\t\t\t\t\t\t\t\t\t\t\t<\/span>\n\t\t\t\t\t<\/button>\n\t\t\t\t<\/div>\n\t\t\t<\/div>\n\t\t<\/form>\n\t\t\t\t\t\t<\/div>\n\t\t\t\t<\/div>\n\t\t\t\t<\/div>\n\t\t\t\t\t<\/div>\n\t\t\t\t<\/div>\n\t\t<div class=\"elementor-element elementor-element-19fe009 e-flex e-con-boxed e-con e-parent\" data-id=\"19fe009\" data-element_type=\"container\">\n\t\t\t\t\t<div class=\"e-con-inner\">\n\t\t\t\t<div class=\"elementor-element elementor-element-422ca8b elementor-widget elementor-widget-image\" data-id=\"422ca8b\" data-element_type=\"widget\" data-widget_type=\"image.default\">\n\t\t\t\t<div class=\"elementor-widget-container\">\n\t\t\t\t\t\t\t\t\t\t\t\t\t\t\t<img fetchpriority=\"high\" decoding=\"async\" width=\"1140\" height=\"252\" src=\"https:\/\/lab.sisytec.net\/rutaeautocaravanas.es\/wp-content\/uploads\/2025\/02\/ruta-e-contactar-1500x332.webp\" class=\"attachment-large size-large wp-image-19441\" alt=\"ruta e alquiler de autocaravanas - contactar\" srcset=\"https:\/\/lab.sisytec.net\/rutaeautocaravanas.es\/wp-content\/uploads\/2025\/02\/ruta-e-contactar-1500x332.webp 1500w, https:\/\/lab.sisytec.net\/rutaeautocaravanas.es\/wp-content\/uploads\/2025\/02\/ruta-e-contactar-360x80.webp 360w, https:\/\/lab.sisytec.net\/rutaeautocaravanas.es\/wp-content\/uploads\/2025\/02\/ruta-e-contactar-750x166.webp 750w, https:\/\/lab.sisytec.net\/rutaeautocaravanas.es\/wp-content\/uploads\/2025\/02\/ruta-e-contactar-1536x340.webp 1536w, https:\/\/lab.sisytec.net\/rutaeautocaravanas.es\/wp-content\/uploads\/2025\/02\/ruta-e-contactar-600x133.webp 600w, https:\/\/lab.sisytec.net\/rutaeautocaravanas.es\/wp-content\/uploads\/2025\/02\/ruta-e-contactar.webp 1932w\" sizes=\"(max-width: 1140px) 100vw, 1140px\" \/>\t\t\t\t\t\t\t\t\t\t\t\t\t\t\t<\/div>\n\t\t\t\t<\/div>\n\t\t\t\t\t<\/div>\n\t\t\t\t<\/div>\n\t\t\t\t<\/div>\n\t\t","protected":false},"excerpt":{"rendered":"<p>Ponte en contacto con nuestro equipo. Si tienes alguna duda sobre tu pr\u00f3ximo destino, \u00a1pregunta! Atenci\u00f3n al Cliente De lunes a viernes, de 8:00 a 17:30 horasS\u00e1bados: de 8:00 a 12:00 horasDomingos: no hay atenci\u00f3n al p\u00fablico.<\/p>\n","protected":false},"author":1,"featured_media":0,"parent":0,"menu_order":0,"comment_status":"closed","ping_status":"closed","template":"","meta":{"_acf_changed":false,"pmpro_default_level":"","_monsterinsights_skip_tracking":false,"_monsterinsights_sitenote_active":false,"_monsterinsights_sitenote_note":"","_monsterinsights_sitenote_category":0,"_joinchat":[],"footnotes":""},"class_list":["post-19375","page","type-page","status-publish","hentry","pmpro-has-access"],"acf":[],"yoast_head":"<!-- This site is optimized with the Yoast SEO plugin v25.0 - https:\/\/yoast.com\/wordpress\/plugins\/seo\/ -->\n<title>Contacto - RUTA E Autocaravanas<\/title>\n<meta name=\"robots\" content=\"index, follow, max-snippet:-1, max-image-preview:large, max-video-preview:-1\" \/>\n<link rel=\"canonical\" href=\"https:\/\/lab.sisytec.net\/rutaeautocaravanas.es\/contacto\/\" \/>\n<meta property=\"og:locale\" content=\"es_ES\" \/>\n<meta property=\"og:type\" content=\"article\" \/>\n<meta property=\"og:title\" content=\"Contacto - RUTA E Autocaravanas\" \/>\n<meta property=\"og:description\" content=\"Ponte en contacto con nuestro equipo. Si tienes alguna duda sobre tu pr\u00f3ximo destino, \u00a1pregunta! Atenci\u00f3n al Cliente De lunes a viernes, de 8:00 a 17:30 horasS\u00e1bados: de 8:00 a 12:00 horasDomingos: no hay atenci\u00f3n al p\u00fablico.\" \/>\n<meta property=\"og:url\" content=\"https:\/\/lab.sisytec.net\/rutaeautocaravanas.es\/contacto\/\" \/>\n<meta property=\"og:site_name\" content=\"RUTA E Autocaravanas\" \/>\n<meta property=\"article:modified_time\" content=\"2025-02-26T13:37:15+00:00\" \/>\n<meta property=\"og:image\" content=\"https:\/\/lab.sisytec.net\/rutaeautocaravanas.es\/wp-content\/uploads\/2025\/02\/ruta-e-contactar.webp\" \/>\n\t<meta property=\"og:image:width\" content=\"1932\" \/>\n\t<meta property=\"og:image:height\" content=\"428\" \/>\n\t<meta property=\"og:image:type\" content=\"image\/webp\" \/>\n<meta name=\"twitter:card\" content=\"summary_large_image\" \/>\n<meta name=\"twitter:label1\" content=\"Tiempo de lectura\" \/>\n\t<meta name=\"twitter:data1\" content=\"1 minuto\" \/>\n<script type=\"application\/ld+json\" class=\"yoast-schema-graph\">{\"@context\":\"https:\/\/schema.org\",\"@graph\":[{\"@type\":\"WebPage\",\"@id\":\"https:\/\/lab.sisytec.net\/rutaeautocaravanas.es\/contacto\/\",\"url\":\"https:\/\/lab.sisytec.net\/rutaeautocaravanas.es\/contacto\/\",\"name\":\"Contacto - RUTA E Autocaravanas\",\"isPartOf\":{\"@id\":\"https:\/\/lab.sisytec.net\/rutaeautocaravanas.es\/#website\"},\"primaryImageOfPage\":{\"@id\":\"https:\/\/lab.sisytec.net\/rutaeautocaravanas.es\/contacto\/#primaryimage\"},\"image\":{\"@id\":\"https:\/\/lab.sisytec.net\/rutaeautocaravanas.es\/contacto\/#primaryimage\"},\"thumbnailUrl\":\"https:\/\/lab.sisytec.net\/rutaeautocaravanas.es\/wp-content\/uploads\/2025\/02\/ruta-e-contactar-1500x332.webp\",\"datePublished\":\"2025-02-21T10:17:20+00:00\",\"dateModified\":\"2025-02-26T13:37:15+00:00\",\"breadcrumb\":{\"@id\":\"https:\/\/lab.sisytec.net\/rutaeautocaravanas.es\/contacto\/#breadcrumb\"},\"inLanguage\":\"es\",\"potentialAction\":[{\"@type\":\"ReadAction\",\"target\":[\"https:\/\/lab.sisytec.net\/rutaeautocaravanas.es\/contacto\/\"]}]},{\"@type\":\"ImageObject\",\"inLanguage\":\"es\",\"@id\":\"https:\/\/lab.sisytec.net\/rutaeautocaravanas.es\/contacto\/#primaryimage\",\"url\":\"https:\/\/lab.sisytec.net\/rutaeautocaravanas.es\/wp-content\/uploads\/2025\/02\/ruta-e-contactar-1500x332.webp\",\"contentUrl\":\"https:\/\/lab.sisytec.net\/rutaeautocaravanas.es\/wp-content\/uploads\/2025\/02\/ruta-e-contactar-1500x332.webp\"},{\"@type\":\"BreadcrumbList\",\"@id\":\"https:\/\/lab.sisytec.net\/rutaeautocaravanas.es\/contacto\/#breadcrumb\",\"itemListElement\":[{\"@type\":\"ListItem\",\"position\":1,\"name\":\"Portada\",\"item\":\"https:\/\/lab.sisytec.net\/rutaeautocaravanas.es\/\"},{\"@type\":\"ListItem\",\"position\":2,\"name\":\"Contacto\"}]},{\"@type\":\"WebSite\",\"@id\":\"https:\/\/lab.sisytec.net\/rutaeautocaravanas.es\/#website\",\"url\":\"https:\/\/lab.sisytec.net\/rutaeautocaravanas.es\/\",\"name\":\"RUTA E Autocaravanas\",\"description\":\"RUTA E Autocaravanas\",\"potentialAction\":[{\"@type\":\"SearchAction\",\"target\":{\"@type\":\"EntryPoint\",\"urlTemplate\":\"https:\/\/lab.sisytec.net\/rutaeautocaravanas.es\/?s={search_term_string}\"},\"query-input\":{\"@type\":\"PropertyValueSpecification\",\"valueRequired\":true,\"valueName\":\"search_term_string\"}}],\"inLanguage\":\"es\"}]}<\/script>\n<!-- \/ Yoast SEO plugin. -->","yoast_head_json":{"title":"Contacto - RUTA E Autocaravanas","robots":{"index":"index","follow":"follow","max-snippet":"max-snippet:-1","max-image-preview":"max-image-preview:large","max-video-preview":"max-video-preview:-1"},"canonical":"https:\/\/lab.sisytec.net\/rutaeautocaravanas.es\/contacto\/","og_locale":"es_ES","og_type":"article","og_title":"Contacto - RUTA E Autocaravanas","og_description":"Ponte en contacto con nuestro equipo. Si tienes alguna duda sobre tu pr\u00f3ximo destino, \u00a1pregunta! Atenci\u00f3n al Cliente De lunes a viernes, de 8:00 a 17:30 horasS\u00e1bados: de 8:00 a 12:00 horasDomingos: no hay atenci\u00f3n al p\u00fablico.","og_url":"https:\/\/lab.sisytec.net\/rutaeautocaravanas.es\/contacto\/","og_site_name":"RUTA E Autocaravanas","article_modified_time":"2025-02-26T13:37:15+00:00","og_image":[{"width":1932,"height":428,"url":"https:\/\/lab.sisytec.net\/rutaeautocaravanas.es\/wp-content\/uploads\/2025\/02\/ruta-e-contactar.webp","type":"image\/webp"}],"twitter_card":"summary_large_image","twitter_misc":{"Tiempo de lectura":"1 minuto"},"schema":{"@context":"https:\/\/schema.org","@graph":[{"@type":"WebPage","@id":"https:\/\/lab.sisytec.net\/rutaeautocaravanas.es\/contacto\/","url":"https:\/\/lab.sisytec.net\/rutaeautocaravanas.es\/contacto\/","name":"Contacto - RUTA E Autocaravanas","isPartOf":{"@id":"https:\/\/lab.sisytec.net\/rutaeautocaravanas.es\/#website"},"primaryImageOfPage":{"@id":"https:\/\/lab.sisytec.net\/rutaeautocaravanas.es\/contacto\/#primaryimage"},"image":{"@id":"https:\/\/lab.sisytec.net\/rutaeautocaravanas.es\/contacto\/#primaryimage"},"thumbnailUrl":"https:\/\/lab.sisytec.net\/rutaeautocaravanas.es\/wp-content\/uploads\/2025\/02\/ruta-e-contactar-1500x332.webp","datePublished":"2025-02-21T10:17:20+00:00","dateModified":"2025-02-26T13:37:15+00:00","breadcrumb":{"@id":"https:\/\/lab.sisytec.net\/rutaeautocaravanas.es\/contacto\/#breadcrumb"},"inLanguage":"es","potentialAction":[{"@type":"ReadAction","target":["https:\/\/lab.sisytec.net\/rutaeautocaravanas.es\/contacto\/"]}]},{"@type":"ImageObject","inLanguage":"es","@id":"https:\/\/lab.sisytec.net\/rutaeautocaravanas.es\/contacto\/#primaryimage","url":"https:\/\/lab.sisytec.net\/rutaeautocaravanas.es\/wp-content\/uploads\/2025\/02\/ruta-e-contactar-1500x332.webp","contentUrl":"https:\/\/lab.sisytec.net\/rutaeautocaravanas.es\/wp-content\/uploads\/2025\/02\/ruta-e-contactar-1500x332.webp"},{"@type":"BreadcrumbList","@id":"https:\/\/lab.sisytec.net\/rutaeautocaravanas.es\/contacto\/#breadcrumb","itemListElement":[{"@type":"ListItem","position":1,"name":"Portada","item":"https:\/\/lab.sisytec.net\/rutaeautocaravanas.es\/"},{"@type":"ListItem","position":2,"name":"Contacto"}]},{"@type":"WebSite","@id":"https:\/\/lab.sisytec.net\/rutaeautocaravanas.es\/#website","url":"https:\/\/lab.sisytec.net\/rutaeautocaravanas.es\/","name":"RUTA E Autocaravanas","description":"RUTA E Autocaravanas","potentialAction":[{"@type":"SearchAction","target":{"@type":"EntryPoint","urlTemplate":"https:\/\/lab.sisytec.net\/rutaeautocaravanas.es\/?s={search_term_string}"},"query-input":{"@type":"PropertyValueSpecification","valueRequired":true,"valueName":"search_term_string"}}],"inLanguage":"es"}]}},"_links":{"self":[{"href":"https:\/\/lab.sisytec.net\/rutaeautocaravanas.es\/wp-json\/wp\/v2\/pages\/19375","targetHints":{"allow":["GET"]}}],"collection":[{"href":"https:\/\/lab.sisytec.net\/rutaeautocaravanas.es\/wp-json\/wp\/v2\/pages"}],"about":[{"href":"https:\/\/lab.sisytec.net\/rutaeautocaravanas.es\/wp-json\/wp\/v2\/types\/page"}],"author":[{"embeddable":true,"href":"https:\/\/lab.sisytec.net\/rutaeautocaravanas.es\/wp-json\/wp\/v2\/users\/1"}],"replies":[{"embeddable":true,"href":"https:\/\/lab.sisytec.net\/rutaeautocaravanas.es\/wp-json\/wp\/v2\/comments?post=19375"}],"version-history":[{"count":27,"href":"https:\/\/lab.sisytec.net\/rutaeautocaravanas.es\/wp-json\/wp\/v2\/pages\/19375\/revisions"}],"predecessor-version":[{"id":19531,"href":"https:\/\/lab.sisytec.net\/rutaeautocaravanas.es\/wp-json\/wp\/v2\/pages\/19375\/revisions\/19531"}],"wp:attachment":[{"href":"https:\/\/lab.sisytec.net\/rutaeautocaravanas.es\/wp-json\/wp\/v2\/media?parent=19375"}],"curies":[{"name":"wp","href":"https:\/\/api.w.org\/{rel}","templated":true}]}}