{"id":19265,"date":"2025-02-19T12:51:07","date_gmt":"2025-02-19T11:51:07","guid":{"rendered":"https:\/\/lab.sisytec.net\/rutaeautocaravanas.es\/?page_id=19265"},"modified":"2025-03-24T10:40:24","modified_gmt":"2025-03-24T09:40:24","slug":"quienes-somos","status":"publish","type":"page","link":"https:\/\/lab.sisytec.net\/rutaeautocaravanas.es\/quienes-somos\/","title":{"rendered":"Qui\u00e9nes somos"},"content":{"rendered":"\t\t<div data-elementor-type=\"wp-page\" data-elementor-id=\"19265\" class=\"elementor elementor-19265\" data-elementor-post-type=\"page\">\n\t\t\t\t<div class=\"elementor-element elementor-element-be6cece e-flex e-con-boxed e-con e-parent\" data-id=\"be6cece\" data-element_type=\"container\">\n\t\t\t\t\t<div class=\"e-con-inner\">\n\t\t\t\t<div class=\"elementor-element elementor-element-80e30ea elementor-widget elementor-widget-text-editor\" data-id=\"80e30ea\" data-element_type=\"widget\" data-widget_type=\"text-editor.default\">\n\t\t\t\t<div class=\"elementor-widget-container\">\n\t\t\t\t\t\t\t\t\t<p>En el sinuoso camino de la vida, hay historias que se entrelazan, formando lazos tan fuertes que trascienden el tiempo y el espacio. Este es el trabajo de<strong> Ruta E<\/strong>, una saga de las almas m\u00e1s bellas de<strong> Rafael, Amanda y Rodrigo<\/strong>, tres almas unidas por un prop\u00f3sito com\u00fan.<\/p><p><strong>Rodrigo<\/strong>, un visionario que desde temprana edad aliment\u00f3 el deseo de emprender, guiado por el ejemplo de sus padres, siempre sinti\u00f3 la necesidad de crear algo nuevo. Despu\u00e9s de a\u00f1os inmerso en el mundo del mercado financiero, la pasi\u00f3n por el automovilismo lo llev\u00f3 a fundar su propia empresa de alquiler de coches. El desaf\u00edo fue inmenso, pero su determinaci\u00f3n y audacia lo llevaron a dar los primeros pasos, comenzando desde cero para construir su legado sobre ruedas.<\/p><p>Mientras tanto, Rafael y Amanda, brasile\u00f1os con profundas ra\u00edces en Europa, emprendieron su propio viaje hacia la realizaci\u00f3n de sus sue\u00f1os. Impulsados por la b\u00fasqueda de una vida m\u00e1s aut\u00e9ntica y conectada con sus valores, cambiaron el bullicio de la metr\u00f3poli por un refugio junto al mar en el noreste brasile\u00f1o, donde el tiempo parec\u00eda fluir en armon\u00eda con las olas del oc\u00e9ano. Fue all\u00ed donde naci\u00f3 Lorenzo, el fruto m\u00e1s preciado de su amor, inspir\u00e1ndolos a buscar un hogar donde pudieran cultivar sus ra\u00edces con seguridad y tranquilidad.<\/p>\t\t\t\t\t\t\t\t<\/div>\n\t\t\t\t<\/div>\n\t\t\t\t\t<\/div>\n\t\t\t\t<\/div>\n\t\t<div class=\"elementor-element elementor-element-1d1787c e-flex e-con-boxed e-con e-parent\" data-id=\"1d1787c\" data-element_type=\"container\">\n\t\t\t\t\t<div class=\"e-con-inner\">\n\t\t\t\t<div class=\"elementor-element elementor-element-d3567e2 elementor-widget-divider--view-line elementor-widget elementor-widget-divider\" data-id=\"d3567e2\" data-element_type=\"widget\" data-widget_type=\"divider.default\">\n\t\t\t\t<div class=\"elementor-widget-container\">\n\t\t\t\t\t\t\t<div class=\"elementor-divider\">\n\t\t\t<span class=\"elementor-divider-separator\">\n\t\t\t\t\t\t<\/span>\n\t\t<\/div>\n\t\t\t\t\t\t<\/div>\n\t\t\t\t<\/div>\n\t\t\t\t\t<\/div>\n\t\t\t\t<\/div>\n\t\t<div class=\"elementor-element elementor-element-940661b e-flex e-con-boxed e-con e-parent\" data-id=\"940661b\" data-element_type=\"container\">\n\t\t\t\t\t<div class=\"e-con-inner\">\n\t\t\t\t<div class=\"elementor-element elementor-element-e523d96 elementor-widget elementor-widget-image\" data-id=\"e523d96\" data-element_type=\"widget\" data-widget_type=\"image.default\">\n\t\t\t\t<div class=\"elementor-widget-container\">\n\t\t\t\t\t\t\t\t\t\t\t\t\t\t\t<img fetchpriority=\"high\" decoding=\"async\" width=\"1140\" height=\"476\" src=\"https:\/\/lab.sisytec.net\/rutaeautocaravanas.es\/wp-content\/uploads\/2025\/02\/ruta-e-coral-xl-06-1500x626.jpg\" class=\"attachment-large size-large wp-image-19266\" alt=\"ruta e autocaravanas\" srcset=\"https:\/\/lab.sisytec.net\/rutaeautocaravanas.es\/wp-content\/uploads\/2025\/02\/ruta-e-coral-xl-06-1500x626.jpg 1500w, https:\/\/lab.sisytec.net\/rutaeautocaravanas.es\/wp-content\/uploads\/2025\/02\/ruta-e-coral-xl-06-360x150.jpg 360w, https:\/\/lab.sisytec.net\/rutaeautocaravanas.es\/wp-content\/uploads\/2025\/02\/ruta-e-coral-xl-06-750x313.jpg 750w, https:\/\/lab.sisytec.net\/rutaeautocaravanas.es\/wp-content\/uploads\/2025\/02\/ruta-e-coral-xl-06-1536x641.jpg 1536w, https:\/\/lab.sisytec.net\/rutaeautocaravanas.es\/wp-content\/uploads\/2025\/02\/ruta-e-coral-xl-06-2048x855.jpg 2048w, https:\/\/lab.sisytec.net\/rutaeautocaravanas.es\/wp-content\/uploads\/2025\/02\/ruta-e-coral-xl-06-600x250.jpg 600w\" sizes=\"(max-width: 1140px) 100vw, 1140px\" \/>\t\t\t\t\t\t\t\t\t\t\t\t\t\t\t<\/div>\n\t\t\t\t<\/div>\n\t\t\t\t\t<\/div>\n\t\t\t\t<\/div>\n\t\t<div class=\"elementor-element elementor-element-f14dcdf e-flex e-con-boxed e-con e-parent\" data-id=\"f14dcdf\" data-element_type=\"container\">\n\t\t\t\t\t<div class=\"e-con-inner\">\n\t\t\t\t<div class=\"elementor-element elementor-element-ff7d3c4 elementor-widget-divider--view-line elementor-widget elementor-widget-divider\" data-id=\"ff7d3c4\" data-element_type=\"widget\" data-widget_type=\"divider.default\">\n\t\t\t\t<div class=\"elementor-widget-container\">\n\t\t\t\t\t\t\t<div class=\"elementor-divider\">\n\t\t\t<span class=\"elementor-divider-separator\">\n\t\t\t\t\t\t<\/span>\n\t\t<\/div>\n\t\t\t\t\t\t<\/div>\n\t\t\t\t<\/div>\n\t\t\t\t\t<\/div>\n\t\t\t\t<\/div>\n\t\t<div class=\"elementor-element elementor-element-c9a421e e-flex e-con-boxed e-con e-parent\" data-id=\"c9a421e\" data-element_type=\"container\">\n\t\t\t\t\t<div class=\"e-con-inner\">\n\t\t\t\t<div class=\"elementor-element elementor-element-7bea236 elementor-widget elementor-widget-text-editor\" data-id=\"7bea236\" data-element_type=\"widget\" data-widget_type=\"text-editor.default\">\n\t\t\t\t<div class=\"elementor-widget-container\">\n\t\t\t\t\t\t\t\t\t<p style=\"font-size: 15px;\">Una vez que disfrutaron de la serenidad de su nueva vida, Rafael y Amanda descubrieron una pasi\u00f3n compartida por ofrecer experiencias memorables a los viajeros. Convirtieron su hogar en S\u00e3o Miguel do Gostoso en un refugio para hu\u00e9spedes de todo el mundo, cultivando lazos y compartiendo historias que enriquecen sus vidas. En cada visita, renuevan la convicci\u00f3n de que la verdadera esencia del viaje reside en las experiencias compartidas y los momentos que nos tocan profundamente.<\/p><p style=\"font-size: 15px;\">El destino los llev\u00f3 a Espa\u00f1a, la tierra de sus ancestros y promesas de un futuro brillante para su familia. Decididos a seguir viviendo en Espa\u00f1a para siempre, Rafael y Amanda vender\u00e1n su casa en S\u00e3o Miguel do Gostoso, con el coraz\u00f3n guiado por el deseo de ofrecer experiencias de hospitalidad que lleguen al alma de sus anfitriones.<\/p><p style=\"font-size: 15px;\">As\u00ed, unieron fuerzas con su amigo de toda la vida, Rodrigo, para fundar&nbsp;<span style=\"font-weight: 700; font-size: 15px;\">Ruta E<\/span>, que naci\u00f3 como una nueva p\u00e1gina en la historia de sus vidas, donde naci\u00f3 para viajar y el deseo de compartir momentos \u00fanicos que encontraron.<\/p><p style=\"font-size: 15px;\">Hoy,&nbsp;<span style=\"font-weight: 700; font-size: 15px;\">Ruta E&nbsp;<\/span>es m\u00e1s que una empresa de alquiler de autocaravanas; es un refugio para aquellos que buscan escapar de la rutina, explorar nuevos horizontes y vivir cada momento con intensidad, comodidad y seguridad.<\/p><p style=\"font-size: 15px;\">Impulsada por el prop\u00f3sito de hacer realidad los mejores sue\u00f1os de viaje de nuestros clientes,&nbsp;<span style=\"font-weight: 700; font-size: 15px;\">Ruta E<\/span>&nbsp;ofrece la mejor experiencia en autocaravanas equipadas con comodidades exclusivas, gui\u00e1ndolos por carreteras desconocidas en busca de aventura y libertad. Ven a vivir una jornada envuelta en la magia de Ruta E, donde cada curva es una historia esperando ser escrita y cada parada es una oportunidad de conectarse consigo mismo y con el mundo que te rodea.<\/p><p style=\"font-size: 15px;\">Bienvenido a la familia&nbsp;<span style=\"font-weight: 700; font-size: 15px;\">Ruta E<\/span>, donde el camino es tan importante como el destino.<\/p>\n<p><\/p>\t\t\t\t\t\t\t\t<\/div>\n\t\t\t\t<\/div>\n\t\t\t\t\t<\/div>\n\t\t\t\t<\/div>\n\t\t\t\t<\/div>\n\t\t","protected":false},"excerpt":{"rendered":"<p>En el sinuoso camino de la vida, hay historias que se entrelazan, formando lazos tan fuertes que trascienden el tiempo y el espacio. Este es el trabajo de Ruta E, una saga de las almas m\u00e1s bellas de Rafael, Amanda y Rodrigo, tres almas unidas por un prop\u00f3sito com\u00fan. Rodrigo, un visionario que desde temprana [&hellip;]<\/p>\n","protected":false},"author":1,"featured_media":19441,"parent":0,"menu_order":0,"comment_status":"closed","ping_status":"closed","template":"elementor_theme","meta":{"_acf_changed":false,"pmpro_default_level":"","_monsterinsights_skip_tracking":false,"_monsterinsights_sitenote_active":false,"_monsterinsights_sitenote_note":"","_monsterinsights_sitenote_category":0,"_joinchat":[],"footnotes":""},"class_list":["post-19265","page","type-page","status-publish","has-post-thumbnail","hentry","pmpro-has-access"],"acf":[],"yoast_head":"<!-- This site is optimized with the Yoast SEO plugin v25.0 - https:\/\/yoast.com\/wordpress\/plugins\/seo\/ -->\n<title>Qui\u00e9nes somos - RUTA E Autocaravanas<\/title>\n<meta name=\"robots\" content=\"index, follow, max-snippet:-1, max-image-preview:large, max-video-preview:-1\" \/>\n<link rel=\"canonical\" href=\"https:\/\/lab.sisytec.net\/rutaeautocaravanas.es\/quienes-somos\/\" \/>\n<meta property=\"og:locale\" content=\"es_ES\" \/>\n<meta property=\"og:type\" content=\"article\" \/>\n<meta property=\"og:title\" content=\"Qui\u00e9nes somos - RUTA E Autocaravanas\" \/>\n<meta property=\"og:description\" content=\"En el sinuoso camino de la vida, hay historias que se entrelazan, formando lazos tan fuertes que trascienden el tiempo y el espacio. Este es el trabajo de Ruta E, una saga de las almas m\u00e1s bellas de Rafael, Amanda y Rodrigo, tres almas unidas por un prop\u00f3sito com\u00fan. Rodrigo, un visionario que desde temprana [&hellip;]\" \/>\n<meta property=\"og:url\" content=\"https:\/\/lab.sisytec.net\/rutaeautocaravanas.es\/quienes-somos\/\" \/>\n<meta property=\"og:site_name\" content=\"RUTA E Autocaravanas\" \/>\n<meta property=\"article:modified_time\" content=\"2025-03-24T09:40:24+00:00\" \/>\n<meta property=\"og:image\" content=\"https:\/\/lab.sisytec.net\/rutaeautocaravanas.es\/wp-content\/uploads\/2025\/02\/ruta-e-contactar.webp\" \/>\n\t<meta property=\"og:image:width\" content=\"1932\" \/>\n\t<meta property=\"og:image:height\" content=\"428\" \/>\n\t<meta property=\"og:image:type\" content=\"image\/webp\" \/>\n<meta name=\"twitter:card\" content=\"summary_large_image\" \/>\n<meta name=\"twitter:label1\" content=\"Tiempo de lectura\" \/>\n\t<meta name=\"twitter:data1\" content=\"3 minutos\" \/>\n<script type=\"application\/ld+json\" class=\"yoast-schema-graph\">{\"@context\":\"https:\/\/schema.org\",\"@graph\":[{\"@type\":\"WebPage\",\"@id\":\"https:\/\/lab.sisytec.net\/rutaeautocaravanas.es\/quienes-somos\/\",\"url\":\"https:\/\/lab.sisytec.net\/rutaeautocaravanas.es\/quienes-somos\/\",\"name\":\"Qui\u00e9nes somos - RUTA E Autocaravanas\",\"isPartOf\":{\"@id\":\"https:\/\/lab.sisytec.net\/rutaeautocaravanas.es\/#website\"},\"primaryImageOfPage\":{\"@id\":\"https:\/\/lab.sisytec.net\/rutaeautocaravanas.es\/quienes-somos\/#primaryimage\"},\"image\":{\"@id\":\"https:\/\/lab.sisytec.net\/rutaeautocaravanas.es\/quienes-somos\/#primaryimage\"},\"thumbnailUrl\":\"https:\/\/lab.sisytec.net\/rutaeautocaravanas.es\/wp-content\/uploads\/2025\/02\/ruta-e-contactar.webp\",\"datePublished\":\"2025-02-19T11:51:07+00:00\",\"dateModified\":\"2025-03-24T09:40:24+00:00\",\"breadcrumb\":{\"@id\":\"https:\/\/lab.sisytec.net\/rutaeautocaravanas.es\/quienes-somos\/#breadcrumb\"},\"inLanguage\":\"es\",\"potentialAction\":[{\"@type\":\"ReadAction\",\"target\":[\"https:\/\/lab.sisytec.net\/rutaeautocaravanas.es\/quienes-somos\/\"]}]},{\"@type\":\"ImageObject\",\"inLanguage\":\"es\",\"@id\":\"https:\/\/lab.sisytec.net\/rutaeautocaravanas.es\/quienes-somos\/#primaryimage\",\"url\":\"https:\/\/lab.sisytec.net\/rutaeautocaravanas.es\/wp-content\/uploads\/2025\/02\/ruta-e-contactar.webp\",\"contentUrl\":\"https:\/\/lab.sisytec.net\/rutaeautocaravanas.es\/wp-content\/uploads\/2025\/02\/ruta-e-contactar.webp\",\"width\":1932,\"height\":428,\"caption\":\"ruta e alquiler de autocaravanas - contactar\"},{\"@type\":\"BreadcrumbList\",\"@id\":\"https:\/\/lab.sisytec.net\/rutaeautocaravanas.es\/quienes-somos\/#breadcrumb\",\"itemListElement\":[{\"@type\":\"ListItem\",\"position\":1,\"name\":\"Portada\",\"item\":\"https:\/\/lab.sisytec.net\/rutaeautocaravanas.es\/\"},{\"@type\":\"ListItem\",\"position\":2,\"name\":\"Qui\u00e9nes somos\"}]},{\"@type\":\"WebSite\",\"@id\":\"https:\/\/lab.sisytec.net\/rutaeautocaravanas.es\/#website\",\"url\":\"https:\/\/lab.sisytec.net\/rutaeautocaravanas.es\/\",\"name\":\"RUTA E Autocaravanas\",\"description\":\"RUTA E Autocaravanas\",\"potentialAction\":[{\"@type\":\"SearchAction\",\"target\":{\"@type\":\"EntryPoint\",\"urlTemplate\":\"https:\/\/lab.sisytec.net\/rutaeautocaravanas.es\/?s={search_term_string}\"},\"query-input\":{\"@type\":\"PropertyValueSpecification\",\"valueRequired\":true,\"valueName\":\"search_term_string\"}}],\"inLanguage\":\"es\"}]}<\/script>\n<!-- \/ Yoast SEO plugin. -->","yoast_head_json":{"title":"Qui\u00e9nes somos - RUTA E Autocaravanas","robots":{"index":"index","follow":"follow","max-snippet":"max-snippet:-1","max-image-preview":"max-image-preview:large","max-video-preview":"max-video-preview:-1"},"canonical":"https:\/\/lab.sisytec.net\/rutaeautocaravanas.es\/quienes-somos\/","og_locale":"es_ES","og_type":"article","og_title":"Qui\u00e9nes somos - RUTA E Autocaravanas","og_description":"En el sinuoso camino de la vida, hay historias que se entrelazan, formando lazos tan fuertes que trascienden el tiempo y el espacio. Este es el trabajo de Ruta E, una saga de las almas m\u00e1s bellas de Rafael, Amanda y Rodrigo, tres almas unidas por un prop\u00f3sito com\u00fan. Rodrigo, un visionario que desde temprana [&hellip;]","og_url":"https:\/\/lab.sisytec.net\/rutaeautocaravanas.es\/quienes-somos\/","og_site_name":"RUTA E Autocaravanas","article_modified_time":"2025-03-24T09:40:24+00:00","og_image":[{"width":1932,"height":428,"url":"https:\/\/lab.sisytec.net\/rutaeautocaravanas.es\/wp-content\/uploads\/2025\/02\/ruta-e-contactar.webp","type":"image\/webp"}],"twitter_card":"summary_large_image","twitter_misc":{"Tiempo de lectura":"3 minutos"},"schema":{"@context":"https:\/\/schema.org","@graph":[{"@type":"WebPage","@id":"https:\/\/lab.sisytec.net\/rutaeautocaravanas.es\/quienes-somos\/","url":"https:\/\/lab.sisytec.net\/rutaeautocaravanas.es\/quienes-somos\/","name":"Qui\u00e9nes somos - RUTA E Autocaravanas","isPartOf":{"@id":"https:\/\/lab.sisytec.net\/rutaeautocaravanas.es\/#website"},"primaryImageOfPage":{"@id":"https:\/\/lab.sisytec.net\/rutaeautocaravanas.es\/quienes-somos\/#primaryimage"},"image":{"@id":"https:\/\/lab.sisytec.net\/rutaeautocaravanas.es\/quienes-somos\/#primaryimage"},"thumbnailUrl":"https:\/\/lab.sisytec.net\/rutaeautocaravanas.es\/wp-content\/uploads\/2025\/02\/ruta-e-contactar.webp","datePublished":"2025-02-19T11:51:07+00:00","dateModified":"2025-03-24T09:40:24+00:00","breadcrumb":{"@id":"https:\/\/lab.sisytec.net\/rutaeautocaravanas.es\/quienes-somos\/#breadcrumb"},"inLanguage":"es","potentialAction":[{"@type":"ReadAction","target":["https:\/\/lab.sisytec.net\/rutaeautocaravanas.es\/quienes-somos\/"]}]},{"@type":"ImageObject","inLanguage":"es","@id":"https:\/\/lab.sisytec.net\/rutaeautocaravanas.es\/quienes-somos\/#primaryimage","url":"https:\/\/lab.sisytec.net\/rutaeautocaravanas.es\/wp-content\/uploads\/2025\/02\/ruta-e-contactar.webp","contentUrl":"https:\/\/lab.sisytec.net\/rutaeautocaravanas.es\/wp-content\/uploads\/2025\/02\/ruta-e-contactar.webp","width":1932,"height":428,"caption":"ruta e alquiler de autocaravanas - contactar"},{"@type":"BreadcrumbList","@id":"https:\/\/lab.sisytec.net\/rutaeautocaravanas.es\/quienes-somos\/#breadcrumb","itemListElement":[{"@type":"ListItem","position":1,"name":"Portada","item":"https:\/\/lab.sisytec.net\/rutaeautocaravanas.es\/"},{"@type":"ListItem","position":2,"name":"Qui\u00e9nes somos"}]},{"@type":"WebSite","@id":"https:\/\/lab.sisytec.net\/rutaeautocaravanas.es\/#website","url":"https:\/\/lab.sisytec.net\/rutaeautocaravanas.es\/","name":"RUTA E Autocaravanas","description":"RUTA E Autocaravanas","potentialAction":[{"@type":"SearchAction","target":{"@type":"EntryPoint","urlTemplate":"https:\/\/lab.sisytec.net\/rutaeautocaravanas.es\/?s={search_term_string}"},"query-input":{"@type":"PropertyValueSpecification","valueRequired":true,"valueName":"search_term_string"}}],"inLanguage":"es"}]}},"_links":{"self":[{"href":"https:\/\/lab.sisytec.net\/rutaeautocaravanas.es\/wp-json\/wp\/v2\/pages\/19265","targetHints":{"allow":["GET"]}}],"collection":[{"href":"https:\/\/lab.sisytec.net\/rutaeautocaravanas.es\/wp-json\/wp\/v2\/pages"}],"about":[{"href":"https:\/\/lab.sisytec.net\/rutaeautocaravanas.es\/wp-json\/wp\/v2\/types\/page"}],"author":[{"embeddable":true,"href":"https:\/\/lab.sisytec.net\/rutaeautocaravanas.es\/wp-json\/wp\/v2\/users\/1"}],"replies":[{"embeddable":true,"href":"https:\/\/lab.sisytec.net\/rutaeautocaravanas.es\/wp-json\/wp\/v2\/comments?post=19265"}],"version-history":[{"count":18,"href":"https:\/\/lab.sisytec.net\/rutaeautocaravanas.es\/wp-json\/wp\/v2\/pages\/19265\/revisions"}],"predecessor-version":[{"id":19799,"href":"https:\/\/lab.sisytec.net\/rutaeautocaravanas.es\/wp-json\/wp\/v2\/pages\/19265\/revisions\/19799"}],"wp:featuredmedia":[{"embeddable":true,"href":"https:\/\/lab.sisytec.net\/rutaeautocaravanas.es\/wp-json\/wp\/v2\/media\/19441"}],"wp:attachment":[{"href":"https:\/\/lab.sisytec.net\/rutaeautocaravanas.es\/wp-json\/wp\/v2\/media?parent=19265"}],"curies":[{"name":"wp","href":"https:\/\/api.w.org\/{rel}","templated":true}]}}