{"id":19224,"date":"2025-02-19T12:04:04","date_gmt":"2025-02-19T11:04:04","guid":{"rendered":"https:\/\/lab.sisytec.net\/rutaeautocaravanas.es\/?page_id=19224"},"modified":"2025-02-25T14:19:51","modified_gmt":"2025-02-25T13:19:51","slug":"politica-de-privacidad","status":"publish","type":"page","link":"https:\/\/lab.sisytec.net\/rutaeautocaravanas.es\/politica-de-privacidad\/","title":{"rendered":"Pol\u00edtica de Privacidad"},"content":{"rendered":"\t\t<div data-elementor-type=\"wp-page\" data-elementor-id=\"19224\" class=\"elementor elementor-19224\" data-elementor-post-type=\"page\">\n\t\t\t\t<div class=\"elementor-element elementor-element-3721e26 e-flex e-con-boxed e-con e-parent\" data-id=\"3721e26\" data-element_type=\"container\">\n\t\t\t\t\t<div class=\"e-con-inner\">\n\t\t\t\t<div class=\"elementor-element elementor-element-d66342f elementor-widget elementor-widget-text-editor\" data-id=\"d66342f\" data-element_type=\"widget\" data-widget_type=\"text-editor.default\">\n\t\t\t\t<div class=\"elementor-widget-container\">\n\t\t\t\t\t\t\t\t\t<p>La presente Pol\u00edtica de Privacidad regula la recogida y tratamiento de los datos personales que sean proporcionados por los Usuarios, cuando accedan, naveguen o hagan uso de las funcionalidades en el Sitio Web.<\/p><p>Cuando para la utilizaci\u00f3n o solicitud de alg\u00fan servicio sea necesario facilitar datos de car\u00e1cter personal, los usuarios garantizar\u00e1n su veracidad, exactitud, autenticidad y vigencia. En este sentido, ser\u00e1 obligaci\u00f3n de los usuarios mantener actualizados los datos de forma tal que correspondan a la realidad en cada momento.<\/p><h2>Identificaci\u00f3n del Responsable<\/h2><p>Los datos de car\u00e1cter personal que se pudieran recabar directamente del interesado ser\u00e1n tratados de forma confidencial y quedar\u00e1n incorporados a la correspondiente actividad de tratamiento titularidad de RUTA E ALQUILER DE AUTOCARAVANAS con CIF J-05502315 y domicilio social en Avenida P\u00edo Baroja n\u00ba 5 \u2013 30011 Murcia (en adelante, RUTA E ALQUILER DE AUTOCARAVANAS o la \u201cTitular\u201d, indistintamente).<\/p><p>Este portal puede contener enlaces a sitios web de terceros, cuyas pol\u00edticas de privacidad son ajenas a RUTA E ALQUILER DE AUTOCARAVANAS Al acceder a tales sitios web usted puede decidir si acepta sus pol\u00edticas de privacidad y de cookies. Con car\u00e1cter general, si navega por internet usted puede aceptar o rechazar las cookies de terceros desde las opciones de configuraci\u00f3n de su navegador.<\/p><p>Recogida de datos, finalidades, base de legitimaci\u00f3n y plazos de conservaci\u00f3n:<\/p><p>La aceptaci\u00f3n de esta Pol\u00edtica de Privacidad significa que el Usuario faculta a RUTA E ALQUILER DE AUTOCARAVANAS, como titular del Sitio Web, para realizar el tratamiento de sus datos e incluirlos en un registro de tratamientos de su responsabilidad, para los fines estipulados a continuaci\u00f3n:<\/p><h2>Contacto:<\/h2><p>El Usuario puede ponerse en contacto con la Titular, a trav\u00e9s del formulario establecido a tal efecto en el Sitio Web, o bien a los medios de contacto indicados en el Sitio Web (tel\u00e9fonos, email, direcci\u00f3n postal). Para ello, deber\u00e1 facilitar los datos que se le soliciten, junto con el mensaje, consulta, sugerencia o comentario. RUTA E ALQUILER DE AUTOCARAVANAS tratar\u00e1 los datos facilitados por el Usuario para atenderle y contactar con \u00e9l a tal efecto. Asimismo, los datos facilitados por el usuario ser\u00e1n almacenados en las bases de datos de posibles clientes de\u00a0<span style=\"font-size: 15px; color: var( --e-global-color-text ); font-family: var( --e-global-typography-text-font-family ), Sans-serif; font-weight: var( --e-global-typography-text-font-weight ); text-align: var(--text-align);\">RUTA E ALQUILER DE AUTOCARAVANAS<\/span><\/p><p>La base jur\u00eddica del tratamiento de tales datos se sustenta en el consentimiento del Usuario.<\/p><p>El plazo de conservaci\u00f3n de los datos para esta finalidad ser\u00e1 de un a\u00f1o, salvo que sean aplicables otros plazos previstos por la Ley.<\/p><h2>Reservas:<\/h2><p>Los datos que el Usuario suministre en los formularios de reservas en el Sitio Web ser\u00e1n tratados por RUTA E ALQUILER DE AUTOCARAVANAS con la finalidad de efectuar su reserva y para gestionarla. En caso de que el Usuario solicitara la contrataci\u00f3n de los servicios reservados a RUTA E ALQUILER DE AUTOCARAVANAS, los datos facilitados con motivo de la contrataci\u00f3n ser\u00e1n tratados en los t\u00e9rminos previstos en el contrato.<\/p><p>La base jur\u00eddica del tratamiento de tales datos se sustenta en el consentimiento del Usuario. Los datos ser\u00e1n conservados por todo el tiempo que dure su reserva activa o solicite su baja, sin perjuicio de que puedan ser conservados bloqueados los plazos previstos por la Ley en cuanto a prescripciones legales y otras responsabilidades que pudieran derivarse.<\/p><h2>Contrataci\u00f3n de los servicios:<\/h2><p>Cuando el Usuario contrate los servicios prestados por el Titular, deber\u00e1 cumplimentar los formularios se\u00f1alados para ello. A trav\u00e9s de los mismos, el Usuario tendr\u00e1 que suministrar los datos personales e informaci\u00f3n que se le soliciten, de lo contrario no podr\u00e1 atenderse la solicitud del Usuario. Los datos ser\u00e1n tratados por RUTA E ALQUILER DE AUTOCARAVANAS con la finalidad de gestionar la contrataci\u00f3n solicitada por el Usuario, elaborar el contrato tipo a suscribir entre las partes y enviarle, por<br \/>email o correo postal, informaci\u00f3n relacionada con dicha contrataci\u00f3n, as\u00ed como para formalizar el contrato.<\/p><p>La base jur\u00eddica de este tratamiento ser\u00e1 la correcta ejecuci\u00f3n de un contrato y el consentimiento del interesado.<\/p><p>En caso de contrataci\u00f3n de los servicios de ALUENMI S.C, le informamos que, en base a nuestro inter\u00e9s leg\u00edtimo, podremos remitirle informaci\u00f3n propia sobre nuestros productos y servicios, pudiendo oponerse a dicho tratamiento enviando un correo electr\u00f3nico a\u00a0<a href=\"mailto:info@rutaeautocaravanas.es\">info@rutaeautocaravanas.es<\/a>\u00a0o indic\u00e1ndolo en el propio contrato. Sus datos ser\u00e1n conservados con esta finalidad mientras perdure su relaci\u00f3n contractual con RUTA E ALQUILER DE AUTOCARAVANAS. Una vez resuelto el contrato, los datos ser\u00e1n borrados o conservados bloqueados los plazos previstos por la Ley en cuanto a prescripciones legales y otras responsabilidades.<\/p><p>En ning\u00fan caso se comunicar\u00e1n a terceros estos datos sin el consentimiento de los interesados.<\/p><h2>Recursos humanos y Curriculums:<\/h2><p>El Usuario puede ponerse en contacto a trav\u00e9s del Sitio Web con ALUENMI S.C, para formar parte de los procesos de selecci\u00f3n que se est\u00e9n llevando a cabo en la empresa actualmente, o lo hagan en un futuro. Para ello deber\u00e1 proporcionar sus datos identificativos y de contacto, as\u00ed como aquellos referidos a su formaci\u00f3n acad\u00e9mica. Tales datos ser\u00e1n utilizados para tomar en consideraci\u00f3n al Usuario en las ofertas de trabajo activas y\/o que tengan lugar en el futuro.<\/p><p>La base jur\u00eddica del tratamiento de tales datos se sustenta en el consentimiento del Usuario. El plazo de conservaci\u00f3n de los datos ser\u00e1 de un a\u00f1o. Salvo que sean de aplicaci\u00f3n otros plazos.<\/p><h2>Publicidad Propia:<\/h2><p>El Usuario puede, si lo desea, facilitar sus datos identificativos y su direcci\u00f3n de correo electr\u00f3nico para suscribirse a las novedades, promociones y noticias de ALUENMI S.C, para recibir peri\u00f3dicamente comunicaciones en su correo electr\u00f3nico, direcci\u00f3n postal o dispositivo m\u00f3vil (en su caso).<\/p><p>La base jur\u00eddica del tratamiento de tales datos se sustenta en el consentimiento del Usuario. El plazo de conservaci\u00f3n de los datos ser\u00e1 del tiempo que permanezca dado de alta en nuestros sistemas de env\u00edo de comunicaciones comercial.<\/p><h2>Cookies:<\/h2><p>El Sitio Web dispone de tecnolog\u00eda para la implantaci\u00f3n de archivos denominados cookies en el equipo que sea utilizado para el acceso y navegaci\u00f3n por el Sitio Web. Las cookies pueden ser bloqueadas o deshabilitadas en cualquier momento a trav\u00e9s de las opciones de configuraci\u00f3n del navegador, y se utilizan para mejorar su experiencia de navegaci\u00f3n en nuestra web, analizar la navegaci\u00f3n de los usuarios y poder ofrecerle contenidos personalizados. Si desea m\u00e1s informaci\u00f3n puede consultar nuestra pol\u00edtica de Cookies.<\/p><p>La base jur\u00eddica del tratamiento de tales datos se sustenta en el consentimiento del Usuario. El tiempo de conservaci\u00f3n depender\u00e1 del tipo de cookie de que se trate.<\/p><h2>Redes Sociales:<\/h2><p>RUTA E ALQUILER DE AUTOCARAVANAS est\u00e1 presente en las Redes Sociales (RRSS), por lo que los datos personales disponibles en los perfiles de RRSS de usuarios que interact\u00faen con los perfiles del responsable, as\u00ed como aquellos que el usuario proporcione al Responsable al contactar con \u00e9l mediante esta v\u00eda, ser\u00e1n tratados con la finalidad de Contestar a sus consultas, solicitudes o peticiones as\u00ed como relacionarnos con usted y crear una comunidad de seguidores.<\/p><p>La legitimaci\u00f3n para el tratamiento de sus datos ser\u00e1 la de una relaci\u00f3n contractual en el entorno de la red social que corresponda, y conforme a sus pol\u00edticas de Privacidad, por lo que desde RUTA E ALQUILER DE AUTOCARAVANAS recomendamos la lectura de las mismas.<\/p><h2>Videovigilancia:<\/h2><p>RUTA E ALQUILER DE AUTOCARAVANAS dispone de c\u00e1maras de videovigilancia que capturar\u00e1n im\u00e1genes dentro de las instalaciones con la finalidad de garantizar la seguridad de las personas, bienes e instalaciones.\u00a0<br \/>Los datos podr\u00e1n cederse a las Fuerzas y Cuerpos de Seguridad, Jueces y Tribunales, sin perjuicio de que se puedan comunicar datos a la empresa de Seguridad y<br \/>Alarmas con quien se ha suscrito un contrato de encargado de tratamiento de acuerdo con lo establecido por la Ley.<\/p><p>El tratamiento est\u00e1 legitimado por el art. 6.1.e del RGPD en cumplimiento de un inter\u00e9s p\u00fablico y por el inter\u00e9s leg\u00edtimos recogido el art 6.1.f de la misma Ley. El tiempo de conservaci\u00f3n ser\u00e1 como m\u00e1ximo de 1 mes.<\/p><h2>Origen de los datos:<\/h2><p>Los datos personales tratados por RUTA E ALQUILER DE AUTOCARAVANAS, proceden del propio interesado o su representante legal.<\/p><h2>Comunicaci\u00f3n de datos:<\/h2><p>Los datos que le solicitamos son los adecuados, pertinente y estrictamente necesarios para la finalidad para la que se recogen y su no comunicaci\u00f3n podr\u00eda afectar a la finalidad del servicio solicitado. RUTA E ALQUILER DE AUTOCARAVANAS no ceder\u00e1 estos datos a terceros para otra finalidad sin el consentimiento de su titular o por disposici\u00f3n legal.<\/p><p>Le informamos que RUTA E ALQUILER DE AUTOCARAVANAS no tiene previsto ceder sus datos a ning\u00fan destinatario en ning\u00fan tercer pa\u00eds u organizaci\u00f3n internacional.<\/p><h2>Derechos de los interesados:<\/h2><p>Cualquier persona tiene derecho a obtener confirmaci\u00f3n sobre si en RUTA E ALQUILER DE AUTOCARAVANAS estamos tratando datos personales que les conciernan, o no.<\/p><p>Las personas interesadas tienen derecho a acceder a sus datos personales, as\u00ed como a solicitar la rectificaci\u00f3n de los datos inexactos\u00a0o, en su caso, solicitar su supresi\u00f3n cuando, entre otros motivos, los datos ya no sean necesarios para los fines que fueron recogidos.<\/p><p>En determinadas circunstancias, los interesados podr\u00e1n solicitar la limitaci\u00f3n del tratamiento de sus datos, en cuyo caso \u00fanicamente los conservaremos para el ejercicio o la defensa de reclamaciones.<\/p><p>En determinadas circunstancias y por motivos relacionados con su situaci\u00f3n particular, los interesados podr\u00e1n oponerse al tratamiento de sus datos. En este caso, RUTA E ALQUILER DE AUTOCARAVANAS dejar\u00e1 de tratar los datos, salvo por motivos leg\u00edtimos imperiosos, o el ejercicio o la defensa de posibles reclamaciones.<\/p><p>Podr\u00e1 ejercitar materialmente sus derechos enviando un correo electr\u00f3nico con copia de NIF o documento oficial que permita la identificaci\u00f3n a nuestra direcci\u00f3n electr\u00f3nica\u00a0<a href=\"mailto:info@rutaeautocaravanas.es\">info@rutaeautocaravanas.es<\/a><\/p><p>Si ha otorgado su consentimiento para alguna finalidad concreta, tiene derecho a retirar el consentimiento otorgado en cualquier momento, sin que ello afecte a la licitud del tratamiento basado en el consentimiento previo a su retirada.<\/p><p>En caso de que sienta vulnerados sus derechos en lo concerniente a la protecci\u00f3n de sus datos personales, especialmente cuando no haya obtenido satisfacci\u00f3n en el ejercicio de sus derechos, puede presentar una reclamaci\u00f3n ante la Autoridad de Control en materia de Protecci\u00f3n de Datos competente a trav\u00e9s de su sitio web:\u00a0<a href=\"http:\/\/www.agpd.es\/\">www.agpd.es<\/a>.<\/p><p>Seguridad y actualizaci\u00f3n de sus datos personales\u00a0<span style=\"font-size: 15px; color: var( --e-global-color-text ); font-family: var( --e-global-typography-text-font-family ), Sans-serif; font-weight: var( --e-global-typography-text-font-weight ); text-align: var(--text-align);\">Con el objetivo de salvaguardar la seguridad de sus datos<\/span><\/p><p>personales, le informamos que RUTA E ALQUILER DE AUTOCARAVANAS tratar\u00e1 sus datos con el m\u00e1ximo celo por todo nuestro personal en cualquier fase de los servicios prestado, habiendo adoptado todas las medidas de \u00edndole t\u00e9cnica y organizativa necesarias para garantizar la seguridad de los datos personales suministrados. Evitando as\u00ed su alteraci\u00f3n, p\u00e9rdida, y tratamientos o accesos no autorizados, tal como exige la normativa europea.<\/p><p>Es importante que, para que podamos mantener sus datos personales actualizados, nos informe siempre que haya alguna modificaci\u00f3n en ellos. En caso contrario, no respondemos de la veracidad de los mismos.\u00a0<\/p>\t\t\t\t\t\t\t\t<\/div>\n\t\t\t\t<\/div>\n\t\t\t\t\t<\/div>\n\t\t\t\t<\/div>\n\t\t\t\t<\/div>\n\t\t","protected":false},"excerpt":{"rendered":"<p>La presente Pol\u00edtica de Privacidad regula la recogida y tratamiento de los datos personales que sean proporcionados por los Usuarios, cuando accedan, naveguen o hagan uso de las funcionalidades en el Sitio Web. Cuando para la utilizaci\u00f3n o solicitud de alg\u00fan servicio sea necesario facilitar datos de car\u00e1cter personal, los usuarios garantizar\u00e1n su veracidad, exactitud, [&hellip;]<\/p>\n","protected":false},"author":1,"featured_media":0,"parent":0,"menu_order":0,"comment_status":"closed","ping_status":"closed","template":"","meta":{"_acf_changed":false,"pmpro_default_level":"","_monsterinsights_skip_tracking":false,"_monsterinsights_sitenote_active":false,"_monsterinsights_sitenote_note":"","_monsterinsights_sitenote_category":0,"_joinchat":[],"footnotes":""},"class_list":["post-19224","page","type-page","status-publish","hentry","pmpro-has-access"],"acf":[],"yoast_head":"<!-- This site is optimized with the Yoast SEO plugin v25.0 - https:\/\/yoast.com\/wordpress\/plugins\/seo\/ -->\n<title>Pol\u00edtica de Privacidad - RUTA E Autocaravanas<\/title>\n<meta name=\"robots\" content=\"index, follow, max-snippet:-1, max-image-preview:large, max-video-preview:-1\" \/>\n<link rel=\"canonical\" href=\"https:\/\/lab.sisytec.net\/rutaeautocaravanas.es\/politica-de-privacidad\/\" \/>\n<meta property=\"og:locale\" content=\"es_ES\" \/>\n<meta property=\"og:type\" content=\"article\" \/>\n<meta property=\"og:title\" content=\"Pol\u00edtica de Privacidad - RUTA E Autocaravanas\" \/>\n<meta property=\"og:description\" content=\"La presente Pol\u00edtica de Privacidad regula la recogida y tratamiento de los datos personales que sean proporcionados por los Usuarios, cuando accedan, naveguen o hagan uso de las funcionalidades en el Sitio Web. Cuando para la utilizaci\u00f3n o solicitud de alg\u00fan servicio sea necesario facilitar datos de car\u00e1cter personal, los usuarios garantizar\u00e1n su veracidad, exactitud, [&hellip;]\" \/>\n<meta property=\"og:url\" content=\"https:\/\/lab.sisytec.net\/rutaeautocaravanas.es\/politica-de-privacidad\/\" \/>\n<meta property=\"og:site_name\" content=\"RUTA E Autocaravanas\" \/>\n<meta property=\"article:modified_time\" content=\"2025-02-25T13:19:51+00:00\" \/>\n<meta name=\"twitter:card\" content=\"summary_large_image\" \/>\n<meta name=\"twitter:label1\" content=\"Tiempo de lectura\" \/>\n\t<meta name=\"twitter:data1\" content=\"9 minutos\" \/>\n<script type=\"application\/ld+json\" class=\"yoast-schema-graph\">{\"@context\":\"https:\/\/schema.org\",\"@graph\":[{\"@type\":\"WebPage\",\"@id\":\"https:\/\/lab.sisytec.net\/rutaeautocaravanas.es\/politica-de-privacidad\/\",\"url\":\"https:\/\/lab.sisytec.net\/rutaeautocaravanas.es\/politica-de-privacidad\/\",\"name\":\"Pol\u00edtica de Privacidad - RUTA E Autocaravanas\",\"isPartOf\":{\"@id\":\"https:\/\/lab.sisytec.net\/rutaeautocaravanas.es\/#website\"},\"datePublished\":\"2025-02-19T11:04:04+00:00\",\"dateModified\":\"2025-02-25T13:19:51+00:00\",\"breadcrumb\":{\"@id\":\"https:\/\/lab.sisytec.net\/rutaeautocaravanas.es\/politica-de-privacidad\/#breadcrumb\"},\"inLanguage\":\"es\",\"potentialAction\":[{\"@type\":\"ReadAction\",\"target\":[\"https:\/\/lab.sisytec.net\/rutaeautocaravanas.es\/politica-de-privacidad\/\"]}]},{\"@type\":\"BreadcrumbList\",\"@id\":\"https:\/\/lab.sisytec.net\/rutaeautocaravanas.es\/politica-de-privacidad\/#breadcrumb\",\"itemListElement\":[{\"@type\":\"ListItem\",\"position\":1,\"name\":\"Portada\",\"item\":\"https:\/\/lab.sisytec.net\/rutaeautocaravanas.es\/\"},{\"@type\":\"ListItem\",\"position\":2,\"name\":\"Pol\u00edtica de Privacidad\"}]},{\"@type\":\"WebSite\",\"@id\":\"https:\/\/lab.sisytec.net\/rutaeautocaravanas.es\/#website\",\"url\":\"https:\/\/lab.sisytec.net\/rutaeautocaravanas.es\/\",\"name\":\"RUTA E Autocaravanas\",\"description\":\"RUTA E Autocaravanas\",\"potentialAction\":[{\"@type\":\"SearchAction\",\"target\":{\"@type\":\"EntryPoint\",\"urlTemplate\":\"https:\/\/lab.sisytec.net\/rutaeautocaravanas.es\/?s={search_term_string}\"},\"query-input\":{\"@type\":\"PropertyValueSpecification\",\"valueRequired\":true,\"valueName\":\"search_term_string\"}}],\"inLanguage\":\"es\"}]}<\/script>\n<!-- \/ Yoast SEO plugin. -->","yoast_head_json":{"title":"Pol\u00edtica de Privacidad - RUTA E Autocaravanas","robots":{"index":"index","follow":"follow","max-snippet":"max-snippet:-1","max-image-preview":"max-image-preview:large","max-video-preview":"max-video-preview:-1"},"canonical":"https:\/\/lab.sisytec.net\/rutaeautocaravanas.es\/politica-de-privacidad\/","og_locale":"es_ES","og_type":"article","og_title":"Pol\u00edtica de Privacidad - RUTA E Autocaravanas","og_description":"La presente Pol\u00edtica de Privacidad regula la recogida y tratamiento de los datos personales que sean proporcionados por los Usuarios, cuando accedan, naveguen o hagan uso de las funcionalidades en el Sitio Web. Cuando para la utilizaci\u00f3n o solicitud de alg\u00fan servicio sea necesario facilitar datos de car\u00e1cter personal, los usuarios garantizar\u00e1n su veracidad, exactitud, [&hellip;]","og_url":"https:\/\/lab.sisytec.net\/rutaeautocaravanas.es\/politica-de-privacidad\/","og_site_name":"RUTA E Autocaravanas","article_modified_time":"2025-02-25T13:19:51+00:00","twitter_card":"summary_large_image","twitter_misc":{"Tiempo de lectura":"9 minutos"},"schema":{"@context":"https:\/\/schema.org","@graph":[{"@type":"WebPage","@id":"https:\/\/lab.sisytec.net\/rutaeautocaravanas.es\/politica-de-privacidad\/","url":"https:\/\/lab.sisytec.net\/rutaeautocaravanas.es\/politica-de-privacidad\/","name":"Pol\u00edtica de Privacidad - RUTA E Autocaravanas","isPartOf":{"@id":"https:\/\/lab.sisytec.net\/rutaeautocaravanas.es\/#website"},"datePublished":"2025-02-19T11:04:04+00:00","dateModified":"2025-02-25T13:19:51+00:00","breadcrumb":{"@id":"https:\/\/lab.sisytec.net\/rutaeautocaravanas.es\/politica-de-privacidad\/#breadcrumb"},"inLanguage":"es","potentialAction":[{"@type":"ReadAction","target":["https:\/\/lab.sisytec.net\/rutaeautocaravanas.es\/politica-de-privacidad\/"]}]},{"@type":"BreadcrumbList","@id":"https:\/\/lab.sisytec.net\/rutaeautocaravanas.es\/politica-de-privacidad\/#breadcrumb","itemListElement":[{"@type":"ListItem","position":1,"name":"Portada","item":"https:\/\/lab.sisytec.net\/rutaeautocaravanas.es\/"},{"@type":"ListItem","position":2,"name":"Pol\u00edtica de Privacidad"}]},{"@type":"WebSite","@id":"https:\/\/lab.sisytec.net\/rutaeautocaravanas.es\/#website","url":"https:\/\/lab.sisytec.net\/rutaeautocaravanas.es\/","name":"RUTA E Autocaravanas","description":"RUTA E Autocaravanas","potentialAction":[{"@type":"SearchAction","target":{"@type":"EntryPoint","urlTemplate":"https:\/\/lab.sisytec.net\/rutaeautocaravanas.es\/?s={search_term_string}"},"query-input":{"@type":"PropertyValueSpecification","valueRequired":true,"valueName":"search_term_string"}}],"inLanguage":"es"}]}},"_links":{"self":[{"href":"https:\/\/lab.sisytec.net\/rutaeautocaravanas.es\/wp-json\/wp\/v2\/pages\/19224","targetHints":{"allow":["GET"]}}],"collection":[{"href":"https:\/\/lab.sisytec.net\/rutaeautocaravanas.es\/wp-json\/wp\/v2\/pages"}],"about":[{"href":"https:\/\/lab.sisytec.net\/rutaeautocaravanas.es\/wp-json\/wp\/v2\/types\/page"}],"author":[{"embeddable":true,"href":"https:\/\/lab.sisytec.net\/rutaeautocaravanas.es\/wp-json\/wp\/v2\/users\/1"}],"replies":[{"embeddable":true,"href":"https:\/\/lab.sisytec.net\/rutaeautocaravanas.es\/wp-json\/wp\/v2\/comments?post=19224"}],"version-history":[{"count":7,"href":"https:\/\/lab.sisytec.net\/rutaeautocaravanas.es\/wp-json\/wp\/v2\/pages\/19224\/revisions"}],"predecessor-version":[{"id":19503,"href":"https:\/\/lab.sisytec.net\/rutaeautocaravanas.es\/wp-json\/wp\/v2\/pages\/19224\/revisions\/19503"}],"wp:attachment":[{"href":"https:\/\/lab.sisytec.net\/rutaeautocaravanas.es\/wp-json\/wp\/v2\/media?parent=19224"}],"curies":[{"name":"wp","href":"https:\/\/api.w.org\/{rel}","templated":true}]}}