{"id":19214,"date":"2025-02-19T11:43:20","date_gmt":"2025-02-19T10:43:20","guid":{"rendered":"https:\/\/lab.sisytec.net\/rutaeautocaravanas.es\/?page_id=19214"},"modified":"2025-02-25T14:26:09","modified_gmt":"2025-02-25T13:26:09","slug":"aviso-legal","status":"publish","type":"page","link":"https:\/\/lab.sisytec.net\/rutaeautocaravanas.es\/aviso-legal\/","title":{"rendered":"Aviso Legal"},"content":{"rendered":"\t\t<div data-elementor-type=\"wp-page\" data-elementor-id=\"19214\" class=\"elementor elementor-19214\" data-elementor-post-type=\"page\">\n\t\t\t\t<div class=\"elementor-element elementor-element-afc267e e-flex e-con-boxed e-con e-parent\" data-id=\"afc267e\" data-element_type=\"container\">\n\t\t\t\t\t<div class=\"e-con-inner\">\n\t\t\t\t<div class=\"elementor-element elementor-element-e591edd elementor-widget elementor-widget-heading\" data-id=\"e591edd\" data-element_type=\"widget\" data-widget_type=\"heading.default\">\n\t\t\t\t<div class=\"elementor-widget-container\">\n\t\t\t\t\t<h2 class=\"elementor-heading-title elementor-size-default\">Identificaci\u00f3n del titular<\/h2>\t\t\t\t<\/div>\n\t\t\t\t<\/div>\n\t\t\t\t\t<\/div>\n\t\t\t\t<\/div>\n\t\t<div class=\"elementor-element elementor-element-a714546 e-flex e-con-boxed e-con e-parent\" data-id=\"a714546\" data-element_type=\"container\">\n\t\t\t\t\t<div class=\"e-con-inner\">\n\t\t\t\t<div class=\"elementor-element elementor-element-9bacc26 elementor-widget elementor-widget-text-editor\" data-id=\"9bacc26\" data-element_type=\"widget\" data-widget_type=\"text-editor.default\">\n\t\t\t\t<div class=\"elementor-widget-container\">\n\t\t\t\t\t\t\t\t\t<p>En cumplimiento de la Ley 34\/2002, de 11 de julio, de servicios de la sociedad de la informaci\u00f3n y de comercio electr\u00f3nico, le informamos que la denominaci\u00f3n social del responsable de este Portal es:<\/p>\n<p><strong>Nombre Comercial:<\/strong>&nbsp;Ruta E Alquiler de Autocaravanas<br><strong>CIF\/NIF:<\/strong>&nbsp;<span style=\"text-align: var(--text-align);\">Y 9455878V<\/span><\/p>\n<div><strong style=\"font-size: 15px; color: var( --e-global-color-text ); font-family: var( --e-global-typography-text-font-family ), Sans-serif; text-align: var(--text-align);\">Domicilio Social:<\/strong><span style=\"font-size: 15px; color: var( --e-global-color-text ); font-family: var( --e-global-typography-text-font-family ), Sans-serif; font-weight: var( --e-global-typography-text-font-weight ); text-align: var(--text-align);\">&nbsp;A<\/span>venida P\u00edo Baroja n\u00ba 5 &#8211; 30011 Murcia&nbsp;<br><strong style=\"font-size: 15px; color: var( --e-global-color-text ); font-family: var( --e-global-typography-text-font-family ), Sans-serif; text-align: var(--text-align);\">Tel\u00e9fono de Contacto:&nbsp;<\/strong><span style=\"text-align: var(--text-align);\">+34 633443294<\/span><\/div>\n<div><strong style=\"font-size: 15px; color: var( --e-global-color-text ); font-family: var( --e-global-typography-text-font-family ), Sans-serif; text-align: var(--text-align);\">Correo Electr\u00f3nico:<\/strong><span style=\"font-size: 15px; color: var( --e-global-color-text ); font-family: var( --e-global-typography-text-font-family ), Sans-serif; font-weight: var( --e-global-typography-text-font-weight ); text-align: var(--text-align);\">&nbsp;info@rutaeautocaravanas.com<\/span><br><span style=\"font-size: 15px; color: var( --e-global-color-text ); font-family: var( --e-global-typography-text-font-family ), Sans-serif; font-weight: var( --e-global-typography-text-font-weight ); text-align: var(--text-align);\"><br><\/span><\/div>\n<h2>Propiedad Intelectual e Industrial<\/h2>\n<p>Los derechos de propiedad intelectual de esta web, su c\u00f3digo fuente, textos, dise\u00f1o, estructura de navegaci\u00f3n, bases de datos, im\u00e1genes&nbsp; y los distintos elementos en \u00e9l contenidos son titularidad de la empresa arriba designada, a quien le corresponde el ejercicio exclusivo de los derechos de explotaci\u00f3n de los mismos en cualquier forma y, en especial, los derechos de reproducci\u00f3n, distribuci\u00f3n, comunicaci\u00f3n p\u00fablica y transformaci\u00f3n, quedando excluidos las marcas y logotipos de aquellas entidades y organismos colabores&nbsp; los cuales quedar\u00e1n sometidos a las condiciones particulares de sus titulares. El mero uso de esta web por parte del usuario no le otorga ning\u00fan derecho sobre los mismos.<\/p>\n<p>La utilizaci\u00f3n no autorizada de la informaci\u00f3n contenida en esta web, su reventa, as\u00ed como la lesi\u00f3n de los derechos de Propiedad Intelectual o Industrial de la marca, dar\u00e1 lugar a las responsabilidades legalmente establecidas.<\/p>\n<h2>Responsabilidad de los contenidos<\/h2>\n<p><strong>RUTA E Alquiler de AUTOCARAVANAS<\/strong>&nbsp;no se hace responsable de la legalidad de otros sitios web de terceros desde los que pueda accederse al portal. De igual modo, tampoco responde por la legalidad de otros sitios web de terceros, que pudieran estar vinculados o enlazados desde este portal.<\/p>\n<p>El responsable de este portal web se reserva el derecho a realizar cambios en el sitio web sin previo aviso, al objeto de mantener actualizada su informaci\u00f3n, a\u00f1adiendo, modificando, corrigiendo o eliminando&nbsp; los contenidos publicados o el dise\u00f1o del portal.<\/p>\n<p>Esta empresa no ser\u00e1 responsable del uso que terceros hagan de la informaci\u00f3n publicada en el portal, ni tampoco de los da\u00f1os sufridos o p\u00e9rdidas econ\u00f3micas que, de forma directa o indirecta, produzcan o puedan producir perjuicios econ\u00f3micos, materiales o sobre datos, provocados por el uso de dicha informaci\u00f3n.<\/p>\n<h2>Ley aplicable<\/h2>\n<p>Para cualquier controversia que pudiera derivarse del acceso a esta web, todos los usuarios quedan sometidos a los juzgados y tribunales del partido judicial al que pertenece la ciudad arriba rese\u00f1ada.<\/p>\t\t\t\t\t\t\t\t<\/div>\n\t\t\t\t<\/div>\n\t\t\t\t\t<\/div>\n\t\t\t\t<\/div>\n\t\t\t\t<\/div>\n\t\t","protected":false},"excerpt":{"rendered":"<p>Identificaci\u00f3n del titular En cumplimiento de la Ley 34\/2002, de 11 de julio, de servicios de la sociedad de la informaci\u00f3n y de comercio electr\u00f3nico, le informamos que la denominaci\u00f3n social del responsable de este Portal es: Nombre Comercial:&nbsp;Ruta E Alquiler de AutocaravanasCIF\/NIF:&nbsp;Y 9455878V Domicilio Social:&nbsp;Avenida P\u00edo Baroja n\u00ba 5 &#8211; 30011 Murcia&nbsp;Tel\u00e9fono de Contacto:&nbsp;+34 [&hellip;]<\/p>\n","protected":false},"author":1,"featured_media":0,"parent":0,"menu_order":0,"comment_status":"closed","ping_status":"closed","template":"","meta":{"_acf_changed":false,"pmpro_default_level":"","_monsterinsights_skip_tracking":false,"_monsterinsights_sitenote_active":false,"_monsterinsights_sitenote_note":"","_monsterinsights_sitenote_category":0,"_joinchat":[],"footnotes":""},"class_list":["post-19214","page","type-page","status-publish","hentry","pmpro-has-access"],"acf":[],"yoast_head":"<!-- This site is optimized with the Yoast SEO plugin v25.0 - https:\/\/yoast.com\/wordpress\/plugins\/seo\/ -->\n<title>Aviso Legal - RUTA E Autocaravanas<\/title>\n<meta name=\"robots\" content=\"index, follow, max-snippet:-1, max-image-preview:large, max-video-preview:-1\" \/>\n<link rel=\"canonical\" href=\"https:\/\/lab.sisytec.net\/rutaeautocaravanas.es\/aviso-legal\/\" \/>\n<meta property=\"og:locale\" content=\"es_ES\" \/>\n<meta property=\"og:type\" content=\"article\" \/>\n<meta property=\"og:title\" content=\"Aviso Legal - RUTA E Autocaravanas\" \/>\n<meta property=\"og:description\" content=\"Identificaci\u00f3n del titular En cumplimiento de la Ley 34\/2002, de 11 de julio, de servicios de la sociedad de la informaci\u00f3n y de comercio electr\u00f3nico, le informamos que la denominaci\u00f3n social del responsable de este Portal es: Nombre Comercial:&nbsp;Ruta E Alquiler de AutocaravanasCIF\/NIF:&nbsp;Y 9455878V Domicilio Social:&nbsp;Avenida P\u00edo Baroja n\u00ba 5 &#8211; 30011 Murcia&nbsp;Tel\u00e9fono de Contacto:&nbsp;+34 [&hellip;]\" \/>\n<meta property=\"og:url\" content=\"https:\/\/lab.sisytec.net\/rutaeautocaravanas.es\/aviso-legal\/\" \/>\n<meta property=\"og:site_name\" content=\"RUTA E Autocaravanas\" \/>\n<meta property=\"article:modified_time\" content=\"2025-02-25T13:26:09+00:00\" \/>\n<meta name=\"twitter:card\" content=\"summary_large_image\" \/>\n<meta name=\"twitter:label1\" content=\"Tiempo de lectura\" \/>\n\t<meta name=\"twitter:data1\" content=\"2 minutos\" \/>\n<script type=\"application\/ld+json\" class=\"yoast-schema-graph\">{\"@context\":\"https:\/\/schema.org\",\"@graph\":[{\"@type\":\"WebPage\",\"@id\":\"https:\/\/lab.sisytec.net\/rutaeautocaravanas.es\/aviso-legal\/\",\"url\":\"https:\/\/lab.sisytec.net\/rutaeautocaravanas.es\/aviso-legal\/\",\"name\":\"Aviso Legal - RUTA E Autocaravanas\",\"isPartOf\":{\"@id\":\"https:\/\/lab.sisytec.net\/rutaeautocaravanas.es\/#website\"},\"datePublished\":\"2025-02-19T10:43:20+00:00\",\"dateModified\":\"2025-02-25T13:26:09+00:00\",\"breadcrumb\":{\"@id\":\"https:\/\/lab.sisytec.net\/rutaeautocaravanas.es\/aviso-legal\/#breadcrumb\"},\"inLanguage\":\"es\",\"potentialAction\":[{\"@type\":\"ReadAction\",\"target\":[\"https:\/\/lab.sisytec.net\/rutaeautocaravanas.es\/aviso-legal\/\"]}]},{\"@type\":\"BreadcrumbList\",\"@id\":\"https:\/\/lab.sisytec.net\/rutaeautocaravanas.es\/aviso-legal\/#breadcrumb\",\"itemListElement\":[{\"@type\":\"ListItem\",\"position\":1,\"name\":\"Portada\",\"item\":\"https:\/\/lab.sisytec.net\/rutaeautocaravanas.es\/\"},{\"@type\":\"ListItem\",\"position\":2,\"name\":\"Aviso Legal\"}]},{\"@type\":\"WebSite\",\"@id\":\"https:\/\/lab.sisytec.net\/rutaeautocaravanas.es\/#website\",\"url\":\"https:\/\/lab.sisytec.net\/rutaeautocaravanas.es\/\",\"name\":\"RUTA E Autocaravanas\",\"description\":\"RUTA E Autocaravanas\",\"potentialAction\":[{\"@type\":\"SearchAction\",\"target\":{\"@type\":\"EntryPoint\",\"urlTemplate\":\"https:\/\/lab.sisytec.net\/rutaeautocaravanas.es\/?s={search_term_string}\"},\"query-input\":{\"@type\":\"PropertyValueSpecification\",\"valueRequired\":true,\"valueName\":\"search_term_string\"}}],\"inLanguage\":\"es\"}]}<\/script>\n<!-- \/ Yoast SEO plugin. -->","yoast_head_json":{"title":"Aviso Legal - RUTA E Autocaravanas","robots":{"index":"index","follow":"follow","max-snippet":"max-snippet:-1","max-image-preview":"max-image-preview:large","max-video-preview":"max-video-preview:-1"},"canonical":"https:\/\/lab.sisytec.net\/rutaeautocaravanas.es\/aviso-legal\/","og_locale":"es_ES","og_type":"article","og_title":"Aviso Legal - RUTA E Autocaravanas","og_description":"Identificaci\u00f3n del titular En cumplimiento de la Ley 34\/2002, de 11 de julio, de servicios de la sociedad de la informaci\u00f3n y de comercio electr\u00f3nico, le informamos que la denominaci\u00f3n social del responsable de este Portal es: Nombre Comercial:&nbsp;Ruta E Alquiler de AutocaravanasCIF\/NIF:&nbsp;Y 9455878V Domicilio Social:&nbsp;Avenida P\u00edo Baroja n\u00ba 5 &#8211; 30011 Murcia&nbsp;Tel\u00e9fono de Contacto:&nbsp;+34 [&hellip;]","og_url":"https:\/\/lab.sisytec.net\/rutaeautocaravanas.es\/aviso-legal\/","og_site_name":"RUTA E Autocaravanas","article_modified_time":"2025-02-25T13:26:09+00:00","twitter_card":"summary_large_image","twitter_misc":{"Tiempo de lectura":"2 minutos"},"schema":{"@context":"https:\/\/schema.org","@graph":[{"@type":"WebPage","@id":"https:\/\/lab.sisytec.net\/rutaeautocaravanas.es\/aviso-legal\/","url":"https:\/\/lab.sisytec.net\/rutaeautocaravanas.es\/aviso-legal\/","name":"Aviso Legal - RUTA E Autocaravanas","isPartOf":{"@id":"https:\/\/lab.sisytec.net\/rutaeautocaravanas.es\/#website"},"datePublished":"2025-02-19T10:43:20+00:00","dateModified":"2025-02-25T13:26:09+00:00","breadcrumb":{"@id":"https:\/\/lab.sisytec.net\/rutaeautocaravanas.es\/aviso-legal\/#breadcrumb"},"inLanguage":"es","potentialAction":[{"@type":"ReadAction","target":["https:\/\/lab.sisytec.net\/rutaeautocaravanas.es\/aviso-legal\/"]}]},{"@type":"BreadcrumbList","@id":"https:\/\/lab.sisytec.net\/rutaeautocaravanas.es\/aviso-legal\/#breadcrumb","itemListElement":[{"@type":"ListItem","position":1,"name":"Portada","item":"https:\/\/lab.sisytec.net\/rutaeautocaravanas.es\/"},{"@type":"ListItem","position":2,"name":"Aviso Legal"}]},{"@type":"WebSite","@id":"https:\/\/lab.sisytec.net\/rutaeautocaravanas.es\/#website","url":"https:\/\/lab.sisytec.net\/rutaeautocaravanas.es\/","name":"RUTA E Autocaravanas","description":"RUTA E Autocaravanas","potentialAction":[{"@type":"SearchAction","target":{"@type":"EntryPoint","urlTemplate":"https:\/\/lab.sisytec.net\/rutaeautocaravanas.es\/?s={search_term_string}"},"query-input":{"@type":"PropertyValueSpecification","valueRequired":true,"valueName":"search_term_string"}}],"inLanguage":"es"}]}},"_links":{"self":[{"href":"https:\/\/lab.sisytec.net\/rutaeautocaravanas.es\/wp-json\/wp\/v2\/pages\/19214","targetHints":{"allow":["GET"]}}],"collection":[{"href":"https:\/\/lab.sisytec.net\/rutaeautocaravanas.es\/wp-json\/wp\/v2\/pages"}],"about":[{"href":"https:\/\/lab.sisytec.net\/rutaeautocaravanas.es\/wp-json\/wp\/v2\/types\/page"}],"author":[{"embeddable":true,"href":"https:\/\/lab.sisytec.net\/rutaeautocaravanas.es\/wp-json\/wp\/v2\/users\/1"}],"replies":[{"embeddable":true,"href":"https:\/\/lab.sisytec.net\/rutaeautocaravanas.es\/wp-json\/wp\/v2\/comments?post=19214"}],"version-history":[{"count":13,"href":"https:\/\/lab.sisytec.net\/rutaeautocaravanas.es\/wp-json\/wp\/v2\/pages\/19214\/revisions"}],"predecessor-version":[{"id":19508,"href":"https:\/\/lab.sisytec.net\/rutaeautocaravanas.es\/wp-json\/wp\/v2\/pages\/19214\/revisions\/19508"}],"wp:attachment":[{"href":"https:\/\/lab.sisytec.net\/rutaeautocaravanas.es\/wp-json\/wp\/v2\/media?parent=19214"}],"curies":[{"name":"wp","href":"https:\/\/api.w.org\/{rel}","templated":true}]}}